{"id":1435,"date":"2022-09-01T15:02:06","date_gmt":"2022-09-01T15:02:06","guid":{"rendered":"https:\/\/www.psicologiacolmenar.es\/psicologo\/?page_id=1435"},"modified":"2022-09-16T08:06:50","modified_gmt":"2022-09-16T08:06:50","slug":"preguntas-frecuentes-terapia-de-pareja","status":"publish","type":"page","link":"https:\/\/www.psicologiacolmenar.es\/psicologo\/preguntas-frecuentes-terapia-de-pareja\/","title":{"rendered":"PREGUNTAS FRECUENTES TERAPIA DE PAREJA"},"content":{"rendered":"<p>[et_pb_section fb_built=\u00bb1&#8243; admin_label=\u00bbHeader\u00bb _builder_version=\u00bb4.18.0&#8243; _module_preset=\u00bbdefault\u00bb use_background_color_gradient=\u00bbon\u00bb background_color_gradient_stops=\u00bb#2e5b61 25%|rgba(46,91,97,0) 100%\u00bb background_color_gradient_overlays_image=\u00bbon\u00bb background_image=\u00bbhttps:\/\/www.psicologiacolmenar.es\/psicologo\/wp-content\/uploads\/2017\/07\/ninos-y-jovenes-terapia-psicologos.jpg\u00bb background_position=\u00bbtop_center\u00bb background_vertical_offset=\u00bb0%\u00bb custom_padding=\u00bb||16vw||false|false\u00bb collapsed=\u00bbon\u00bb global_colors_info=\u00bb{}\u00bb][et_pb_row _builder_version=\u00bb4.17.3&#8243; _module_preset=\u00bbdefault\u00bb width=\u00bb70%\u00bb width_tablet=\u00bb80%\u00bb width_phone=\u00bb80%\u00bb width_last_edited=\u00bbon|tablet\u00bb global_colors_info=\u00bb{}\u00bb][et_pb_column type=\u00bb4_4&#8243; _builder_version=\u00bb4.17.1&#8243; _module_preset=\u00bbdefault\u00bb global_colors_info=\u00bb{}\u00bb][et_pb_text _builder_version=\u00bb4.18.0&#8243; _module_preset=\u00bbc16985e1-e0d6-4022-964d-e2bfc04fa633&#8243; text_text_color=\u00bb#FFFFFF\u00bb header_font=\u00bbCormorant Garamond|700|||||||\u00bb header_text_color=\u00bb#E1ECEA\u00bb header_font_size=\u00bb90px\u00bb header_line_height=\u00bb1.1em\u00bb text_orientation=\u00bbcenter\u00bb module_alignment=\u00bbcenter\u00bb custom_margin=\u00bb||0px||false|false\u00bb header_font_size_tablet=\u00bb40px\u00bb header_font_size_phone=\u00bb24px\u00bb header_font_size_last_edited=\u00bbon|desktop\u00bb global_colors_info=\u00bb{}\u00bb]<\/p>\n<p><span style=\"font-size: xx-large;\">PREGUNTAS FRECUENTES TERAPIA DE PAREJA<\/span><\/p>\n<p>[\/et_pb_text][\/et_pb_column][\/et_pb_row][et_pb_row _builder_version=\u00bb4.17.3&#8243; _module_preset=\u00bbdefault\u00bb positioning=\u00bbabsolute\u00bb position_origin_a=\u00bbbottom_center\u00bb vertical_offset=\u00bb-1px\u00bb width=\u00bb100%\u00bb max_width=\u00bb100%\u00bb custom_padding=\u00bb||0px||false|false\u00bb global_colors_info=\u00bb{}\u00bb][et_pb_column type=\u00bb4_4&#8243; _builder_version=\u00bb4.17.3&#8243; _module_preset=\u00bbdefault\u00bb global_colors_info=\u00bb{}\u00bb][et_pb_image src=\u00bbhttps:\/\/www.psicologiacolmenar.es\/psicologo\/wp-content\/uploads\/2022\/09\/therapy-17.png\u00bb title_text=\u00bbtherapy 17&#8243; force_fullwidth=\u00bbon\u00bb _builder_version=\u00bb4.17.3&#8243; _module_preset=\u00bbdefault\u00bb global_colors_info=\u00bb{}\u00bb][\/et_pb_image][\/et_pb_column][\/et_pb_row][\/et_pb_section][et_pb_section fb_built=\u00bb1&#8243; admin_label=\u00bbFAQ\u00bb _builder_version=\u00bb4.17.3&#8243; _module_preset=\u00bbdefault\u00bb top_divider_flip=\u00bbhorizontal\u00bb collapsed=\u00bbon\u00bb global_colors_info=\u00bb{}\u00bb][et_pb_row custom_padding_last_edited=\u00bbon|phone\u00bb _builder_version=\u00bb4.18.0&#8243; _module_preset=\u00bbdefault\u00bb use_background_color_gradient=\u00bbon\u00bb background_color_gradient_stops=\u00bb#e5e8f0 45%|rgba(229,232,240,0) 80%\u00bb transform_scale=\u00bb109%|100%\u00bb transform_scale_linked=\u00bboff\u00bb custom_margin=\u00bb-15vw||||false|false\u00bb custom_margin_tablet=\u00bb-21vw||||false|false\u00bb custom_margin_phone=\u00bb||||false|false\u00bb custom_margin_last_edited=\u00bboff|desktop\u00bb custom_padding=\u00bb80px|80px|80px|80px|true|true\u00bb custom_padding_tablet=\u00bb30px|20px|30px|20px|true|true\u00bb custom_padding_phone=\u00bb20px|0px|20px|0px|true|true\u00bb global_colors_info=\u00bb{}\u00bb][et_pb_column type=\u00bb4_4&#8243; _builder_version=\u00bb4.17.3&#8243; _module_preset=\u00bbdefault\u00bb global_colors_info=\u00bb{}\u00bb][et_pb_accordion open_toggle_text_color=\u00bb#22434A\u00bb open_toggle_background_color=\u00bbRGBA(255,255,255,0)\u00bb closed_toggle_background_color=\u00bbRGBA(255,255,255,0)\u00bb toggle_icon=\u00bb&#x50;||divi||400&#8243; icon_color=\u00bb#22434A\u00bb _builder_version=\u00bb4.18.0&#8243; _module_preset=\u00bbdefault\u00bb toggle_text_color=\u00bb#22434A\u00bb toggle_font=\u00bbInter|700|||||||\u00bb toggle_font_size=\u00bb22px\u00bb toggle_line_height=\u00bb1.2em\u00bb body_font=\u00bbInter||||||||\u00bb body_text_color=\u00bb#22434A\u00bb body_font_size=\u00bb18px\u00bb body_line_height=\u00bb1.8em\u00bb min_height=\u00bb1435.5px\u00bb hover_enabled=\u00bb0&#8243; toggle_font_size_tablet=\u00bb16px\u00bb toggle_font_size_phone=\u00bb13px\u00bb toggle_font_size_last_edited=\u00bbon|desktop\u00bb body_font_size_tablet=\u00bb16px\u00bb body_font_size_phone=\u00bb14px\u00bb body_font_size_last_edited=\u00bbon|phone\u00bb border_width_all=\u00bb0px\u00bb border_width_bottom=\u00bb1px\u00bb border_color_bottom=\u00bbrgba(46,91,97,0.2)\u00bb global_colors_info=\u00bb{}\u00bb sticky_enabled=\u00bb0&#8243;][et_pb_accordion_item title=\u00bb\u00bfC\u00f3mo saber si necesito terapia de pareja? \u00bfCu\u00e1ndo acudir a un especialista?\u00bb _builder_version=\u00bb4.17.1&#8243; _module_preset=\u00bbdefault\u00bb global_colors_info=\u00bb{}\u00bb open=\u00bboff\u00bb]<\/p>\n<p>Si te identificas con alguna de estas situaciones, una terapia de pareja te ayudara a resolver tus problemas:<\/p>\n<ul>\n<li>La rutina, el desgaste o el malestar en la pareja se mantiene en el tiempo y no se tienen recursos suficientes para solucionarlo.<\/li>\n<li>Hay falta de entendimiento o dificultades para la comunicaci\u00f3n. Conflictos o discusiones constantes.<\/li>\n<li>Han sucedido circunstancias dif\u00edciles de manejar o afrontar desde la relaci\u00f3n de pareja.<\/li>\n<\/ul>\n<p>El no saber cu\u00e1ndo acudir a terapia de pareja es muy habitual, ya que, aunque cada d\u00eda son m\u00e1s parejas las que deciden recibir este tipo de tratamientos psicol\u00f3gicos, el acudir a este tipo de terapias se sigue viendo como algo at\u00edpico, pero si de verdad deseas solucionar los problemas de tu relaci\u00f3n sentimental es una de las mejores decisiones que puedes tomar.<\/p>\n<p>[\/et_pb_accordion_item][et_pb_accordion_item title=\u00bbMotivos por los que las parejas solicitan terapia de pareja\u00bb _builder_version=\u00bb4.17.1&#8243; _module_preset=\u00bbdefault\u00bb global_colors_info=\u00bb{}\u00bb open=\u00bboff\u00bb]<\/p>\n<ul>\n<li>Problemas cotidianos que desencadenan conflictos y discusiones en el d\u00eda a d\u00eda<\/li>\n<li>Problemas de entendimiento o diferentes escalas de valores en los miembros de la pareja<\/li>\n<li>Problemas sexuales<\/li>\n<li>Infidelidad o arrepentimiento por haber sido infiel\/Confusi\u00f3n de emociones<\/li>\n<li>Celos\/ Inseguridad en la pareja\/ Falta de confianza<\/li>\n<li>Diferentes formas de comunicar emociones\/Dificultades para expresar emociones<\/li>\n<li>Aspectos individuales que pueden influir en la relaci\u00f3n de pareja<\/li>\n<li>Monoton\u00eda en la relaci\u00f3n de pareja<\/li>\n<\/ul>\n<p>[\/et_pb_accordion_item][et_pb_accordion_item title=\u00bbAlgunos indicadores que determinan si debes o no acudir a terapia de pareja\u00bb open=\u00bbon\u00bb _builder_version=\u00bb4.17.1&#8243; _module_preset=\u00bbdefault\u00bb global_colors_info=\u00bb{}\u00bb]<\/p>\n<p>El mejor indicador para saber si se debe llevar a cabo una terapia de pareja ser\u00e1\u00a0<strong>sentir malestar en tu relaci\u00f3n sentimental<\/strong>. Otros ser\u00e1n el querer solucionar la situaci\u00f3n y, por lo tanto, tener la necesidad de acabar con este malestar producido fundamentalmente por la crisis emocional.<\/p>\n<p>Tomar la decisi\u00f3n en pareja, o por lo menos conseguir que ambas partes est\u00e9n igualmente implicadas y comprometidas en llevar a cabo la terapia, ser\u00e1 fundamental para que se lleve a cabo correctamente el proceso terap\u00e9utico.<\/p>\n<p>Pero, \u00bfqu\u00e9 ocurre si mi compa\u00f1ero\/a no quiere<a href=\"https:\/\/www.psicologiacolmenar.es\/psicologo\/terapias\/terapias-de-pareja\/\">\u00a0acudir a terapia de pareja<\/a>? La terapia a un \u00fanico miembro de la pareja tambi\u00e9n puede ser efectiva ya que, una vez evaluada la problem\u00e1tica, se le dar\u00e1n pautas a esa persona que ir\u00e1n incidiendo en su forma de actuar, de comunicarse, de tomar decisiones, \u2026 y por lo tanto en su relaci\u00f3n de pareja como tal.<\/p>\n<p>Todos estos cambios tambi\u00e9n pueden ocasionar que en un momento dado su pareja desee acudir a terapia de pareja tambi\u00e9n.<\/p>\n<p>[\/et_pb_accordion_item][et_pb_accordion_item title=\u00bbConsecuencias negativas de no seguir el tratamiento o no acudir a terapia de pareja\u00bb _builder_version=\u00bb4.17.1&#8243; _module_preset=\u00bbdefault\u00bb global_colors_info=\u00bb{}\u00bb open=\u00bboff\u00bb]<\/p>\n<p>Las consecuencias de no acudir a terapia de pareja cuando realmente tu relaci\u00f3n lo necesita ser\u00e1n, r\u00e1pidas y evidentes. El malestar permanecer\u00e1 en el tiempo pudi\u00e9ndose agravar, provocando as\u00ed consecuencias negativas en cada una de las partes.<\/p>\n<p>La\u00a0<strong>crisis sentimental<\/strong>\u00a0se podr\u00e1 convertir en algo insostenible. El\u00a0<strong>bloqueo emocional<\/strong>\u00a0de los miembros de la pareja, y sentimientos como la rabia, el odio, la ira, el enfado o el sentimiento de fracaso protagonizar\u00e1n la relaci\u00f3n de pareja.<\/p>\n<p>Sin embargo, abordar esa crisis de pareja con terapia de pareja har\u00e1 que los implicados sientan que est\u00e1n haciendo lo posible por abordar la situaci\u00f3n que les supera emocionalmente. Ya desde la calma, afrontar\u00e1n cada uno de los conflictos a tratar, con el fin de solucionar la situaci\u00f3n desde un marco de respeto, comunicaci\u00f3n y compromiso. Siempre guiado por un terapeuta especializado en terapia de pareja.<\/p>\n<p>[\/et_pb_accordion_item][\/et_pb_accordion][\/et_pb_column][\/et_pb_row][et_pb_row column_structure=\u00bb1_2,1_2&#8243; _builder_version=\u00bb4.18.0&#8243; _module_preset=\u00bbdefault\u00bb global_colors_info=\u00bb{}\u00bb][et_pb_column type=\u00bb1_2&#8243; _builder_version=\u00bb4.18.0&#8243; _module_preset=\u00bbdefault\u00bb global_colors_info=\u00bb{}\u00bb][et_pb_button button_url=\u00bb@ET-DC@eyJkeW5hbWljIjp0cnVlLCJjb250ZW50IjoicG9zdF9saW5rX3VybF9wYWdlIiwic2V0dGluZ3MiOnsicG9zdF9pZCI6IjEzODAifX0=@\u00bb button_text=\u00bbFAQS DE PSICOLOG\u00cdA GENERAL\u00bb button_alignment=\u00bbcenter\u00bb _builder_version=\u00bb4.18.0&#8243; _dynamic_attributes=\u00bbbutton_url\u00bb _module_preset=\u00bbdefault\u00bb global_colors_info=\u00bb{}\u00bb][\/et_pb_button][\/et_pb_column][et_pb_column type=\u00bb1_2&#8243; _builder_version=\u00bb4.18.0&#8243; _module_preset=\u00bbdefault\u00bb global_colors_info=\u00bb{}\u00bb][et_pb_button button_url=\u00bb@ET-DC@eyJkeW5hbWljIjp0cnVlLCJjb250ZW50IjoicG9zdF9saW5rX3VybF9wYWdlIiwic2V0dGluZ3MiOnsicG9zdF9pZCI6IjE0MjkifX0=@\u00bb button_text=\u00bbFAQS DE PSICOLOG\u00cdA INFANTIL\u00bb button_alignment=\u00bbcenter\u00bb _builder_version=\u00bb4.18.0&#8243; _dynamic_attributes=\u00bbbutton_url\u00bb _module_preset=\u00bbdefault\u00bb locked=\u00bboff\u00bb global_colors_info=\u00bb{}\u00bb][\/et_pb_button][\/et_pb_column][\/et_pb_row][\/et_pb_section]<\/p>\n","protected":false},"excerpt":{"rendered":"<p>PREGUNTAS FRECUENTES TERAPIA DE PAREJASi te identificas con alguna de estas situaciones, una terapia de pareja te ayudara a resolver tus problemas: La rutina, el desgaste o el malestar en la pareja se mantiene en el tiempo y no se tienen recursos suficientes para solucionarlo. Hay falta de entendimiento o dificultades para la comunicaci\u00f3n. Conflictos [&hellip;]<\/p>\n","protected":false},"author":3,"featured_media":0,"parent":0,"menu_order":0,"comment_status":"closed","ping_status":"closed","template":"","meta":{"_et_pb_use_builder":"on","_et_pb_old_content":"","_et_gb_content_width":"","footnotes":""},"class_list":["post-1435","page","type-page","status-publish","hentry"],"yoast_head":"<!-- This site is optimized with the Yoast SEO Premium plugin v19.2.1 (Yoast SEO v27.5) - https:\/\/yoast.com\/product\/yoast-seo-premium-wordpress\/ -->\n<title>PREGUNTAS FRECUENTES TERAPIA DE PAREJA - Avanza<\/title>\n<meta name=\"robots\" content=\"index, follow, max-snippet:-1, max-image-preview:large, max-video-preview:-1\" \/>\n<link rel=\"canonical\" href=\"https:\/\/www.psicologiacolmenar.es\/psicologo\/preguntas-frecuentes-terapia-de-pareja\/\" \/>\n<meta property=\"og:locale\" content=\"es_ES\" \/>\n<meta property=\"og:type\" content=\"article\" \/>\n<meta property=\"og:title\" content=\"PREGUNTAS FRECUENTES TERAPIA DE PAREJA\" \/>\n<meta property=\"og:url\" content=\"https:\/\/www.psicologiacolmenar.es\/psicologo\/preguntas-frecuentes-terapia-de-pareja\/\" \/>\n<meta property=\"og:site_name\" content=\"Psicologos en Colmenar Viejo Madrid\" \/>\n<meta property=\"article:publisher\" content=\"https:\/\/www.facebook.com\/psicologocolmenar\/\" \/>\n<meta property=\"article:modified_time\" content=\"2022-09-16T08:06:50+00:00\" \/>\n<meta name=\"twitter:card\" content=\"summary_large_image\" \/>\n<meta name=\"twitter:site\" content=\"@jmsanmartinps1\" \/>\n<script type=\"application\/ld+json\" class=\"yoast-schema-graph\">{\"@context\":\"https:\\\/\\\/schema.org\",\"@graph\":[{\"@type\":\"WebPage\",\"@id\":\"https:\\\/\\\/www.psicologiacolmenar.es\\\/psicologo\\\/preguntas-frecuentes-terapia-de-pareja\\\/\",\"url\":\"https:\\\/\\\/www.psicologiacolmenar.es\\\/psicologo\\\/preguntas-frecuentes-terapia-de-pareja\\\/\",\"name\":\"PREGUNTAS FRECUENTES TERAPIA DE PAREJA - Avanza\",\"isPartOf\":{\"@id\":\"https:\\\/\\\/www.psicologiacolmenar.es\\\/psicologo\\\/#website\"},\"datePublished\":\"2022-09-01T15:02:06+00:00\",\"dateModified\":\"2022-09-16T08:06:50+00:00\",\"breadcrumb\":{\"@id\":\"https:\\\/\\\/www.psicologiacolmenar.es\\\/psicologo\\\/preguntas-frecuentes-terapia-de-pareja\\\/#breadcrumb\"},\"inLanguage\":\"es\",\"potentialAction\":[{\"@type\":\"ReadAction\",\"target\":[\"https:\\\/\\\/www.psicologiacolmenar.es\\\/psicologo\\\/preguntas-frecuentes-terapia-de-pareja\\\/\"]}]},{\"@type\":\"BreadcrumbList\",\"@id\":\"https:\\\/\\\/www.psicologiacolmenar.es\\\/psicologo\\\/preguntas-frecuentes-terapia-de-pareja\\\/#breadcrumb\",\"itemListElement\":[{\"@type\":\"ListItem\",\"position\":1,\"name\":\"Portada\",\"item\":\"https:\\\/\\\/www.psicologiacolmenar.es\\\/psicologo\\\/\"},{\"@type\":\"ListItem\",\"position\":2,\"name\":\"PREGUNTAS FRECUENTES TERAPIA DE PAREJA\"}]},{\"@type\":\"WebSite\",\"@id\":\"https:\\\/\\\/www.psicologiacolmenar.es\\\/psicologo\\\/#website\",\"url\":\"https:\\\/\\\/www.psicologiacolmenar.es\\\/psicologo\\\/\",\"name\":\"Psicologos en Colmenar Viejo Madrid\",\"description\":\"Gabinete de psicologos y Centro de psicolog\u00eda en Colmenar Viejo\",\"potentialAction\":[{\"@type\":\"SearchAction\",\"target\":{\"@type\":\"EntryPoint\",\"urlTemplate\":\"https:\\\/\\\/www.psicologiacolmenar.es\\\/psicologo\\\/?s={search_term_string}\"},\"query-input\":{\"@type\":\"PropertyValueSpecification\",\"valueRequired\":true,\"valueName\":\"search_term_string\"}}],\"inLanguage\":\"es\"}]}<\/script>\n<!-- \/ Yoast SEO Premium plugin. -->","yoast_head_json":{"title":"PREGUNTAS FRECUENTES TERAPIA DE PAREJA - Avanza","robots":{"index":"index","follow":"follow","max-snippet":"max-snippet:-1","max-image-preview":"max-image-preview:large","max-video-preview":"max-video-preview:-1"},"canonical":"https:\/\/www.psicologiacolmenar.es\/psicologo\/preguntas-frecuentes-terapia-de-pareja\/","og_locale":"es_ES","og_type":"article","og_title":"PREGUNTAS FRECUENTES TERAPIA DE PAREJA","og_url":"https:\/\/www.psicologiacolmenar.es\/psicologo\/preguntas-frecuentes-terapia-de-pareja\/","og_site_name":"Psicologos en Colmenar Viejo Madrid","article_publisher":"https:\/\/www.facebook.com\/psicologocolmenar\/","article_modified_time":"2022-09-16T08:06:50+00:00","twitter_card":"summary_large_image","twitter_site":"@jmsanmartinps1","schema":{"@context":"https:\/\/schema.org","@graph":[{"@type":"WebPage","@id":"https:\/\/www.psicologiacolmenar.es\/psicologo\/preguntas-frecuentes-terapia-de-pareja\/","url":"https:\/\/www.psicologiacolmenar.es\/psicologo\/preguntas-frecuentes-terapia-de-pareja\/","name":"PREGUNTAS FRECUENTES TERAPIA DE PAREJA - Avanza","isPartOf":{"@id":"https:\/\/www.psicologiacolmenar.es\/psicologo\/#website"},"datePublished":"2022-09-01T15:02:06+00:00","dateModified":"2022-09-16T08:06:50+00:00","breadcrumb":{"@id":"https:\/\/www.psicologiacolmenar.es\/psicologo\/preguntas-frecuentes-terapia-de-pareja\/#breadcrumb"},"inLanguage":"es","potentialAction":[{"@type":"ReadAction","target":["https:\/\/www.psicologiacolmenar.es\/psicologo\/preguntas-frecuentes-terapia-de-pareja\/"]}]},{"@type":"BreadcrumbList","@id":"https:\/\/www.psicologiacolmenar.es\/psicologo\/preguntas-frecuentes-terapia-de-pareja\/#breadcrumb","itemListElement":[{"@type":"ListItem","position":1,"name":"Portada","item":"https:\/\/www.psicologiacolmenar.es\/psicologo\/"},{"@type":"ListItem","position":2,"name":"PREGUNTAS FRECUENTES TERAPIA DE PAREJA"}]},{"@type":"WebSite","@id":"https:\/\/www.psicologiacolmenar.es\/psicologo\/#website","url":"https:\/\/www.psicologiacolmenar.es\/psicologo\/","name":"Psicologos en Colmenar Viejo Madrid","description":"Gabinete de psicologos y Centro de psicolog\u00eda en Colmenar Viejo","potentialAction":[{"@type":"SearchAction","target":{"@type":"EntryPoint","urlTemplate":"https:\/\/www.psicologiacolmenar.es\/psicologo\/?s={search_term_string}"},"query-input":{"@type":"PropertyValueSpecification","valueRequired":true,"valueName":"search_term_string"}}],"inLanguage":"es"}]}},"_links":{"self":[{"href":"https:\/\/www.psicologiacolmenar.es\/psicologo\/wp-json\/wp\/v2\/pages\/1435","targetHints":{"allow":["GET"]}}],"collection":[{"href":"https:\/\/www.psicologiacolmenar.es\/psicologo\/wp-json\/wp\/v2\/pages"}],"about":[{"href":"https:\/\/www.psicologiacolmenar.es\/psicologo\/wp-json\/wp\/v2\/types\/page"}],"author":[{"embeddable":true,"href":"https:\/\/www.psicologiacolmenar.es\/psicologo\/wp-json\/wp\/v2\/users\/3"}],"replies":[{"embeddable":true,"href":"https:\/\/www.psicologiacolmenar.es\/psicologo\/wp-json\/wp\/v2\/comments?post=1435"}],"version-history":[{"count":5,"href":"https:\/\/www.psicologiacolmenar.es\/psicologo\/wp-json\/wp\/v2\/pages\/1435\/revisions"}],"predecessor-version":[{"id":1456,"href":"https:\/\/www.psicologiacolmenar.es\/psicologo\/wp-json\/wp\/v2\/pages\/1435\/revisions\/1456"}],"wp:attachment":[{"href":"https:\/\/www.psicologiacolmenar.es\/psicologo\/wp-json\/wp\/v2\/media?parent=1435"}],"curies":[{"name":"wp","href":"https:\/\/api.w.org\/{rel}","templated":true}]}}