{"id":42,"date":"2017-07-24T08:56:28","date_gmt":"2017-07-24T08:56:28","guid":{"rendered":"http:\/\/psicologiacolmenar.es\/psicologo\/?page_id=42"},"modified":"2026-02-06T10:06:38","modified_gmt":"2026-02-06T10:06:38","slug":"psicologo","status":"publish","type":"page","link":"https:\/\/www.psicologiacolmenar.es\/psicologo\/","title":{"rendered":"Psicologo en Colmenar inicio"},"content":{"rendered":"\n[et_pb_section fb_built=\u00bb1&#8243; fullwidth=\u00bbon\u00bb _builder_version=\u00bb4.16&#8243; global_colors_info=\u00bb{}\u00bb][et_pb_fullwidth_header title=\u00bbAvanza\u00bb subhead=\u00bbGabinete de Psicolog\u00eda\u00bb header_fullscreen=\u00bbon\u00bb header_scroll_down=\u00bbon\u00bb scroll_down_icon=\u00bb%%1%%\u00bb background_overlay_color=\u00bbrgba(37,91,125,0.3)\u00bb content_max_width=\u00bbnone\u00bb _builder_version=\u00bb4.16&#8243; title_font_size=\u00bb60px\u00bb subhead_font_size=\u00bb26px\u00bb background_color=\u00bbrgba(255, 255, 255, 0)\u00bb background_image=\u00bbhttp:\/\/psicologiacolmenar.es\/psicologo\/wp-content\/uploads\/2017\/07\/avanza-psicologos-madrid-colmenar-viejo.jpg\u00bb parallax=\u00bbon\u00bb button_one_letter_spacing_hover=\u00bb0&#8243; button_two_letter_spacing_hover=\u00bb0&#8243; global_colors_info=\u00bb{}\u00bb button_one_text_size__hover_enabled=\u00bboff\u00bb button_two_text_size__hover_enabled=\u00bboff\u00bb button_one_text_color__hover_enabled=\u00bboff\u00bb button_two_text_color__hover_enabled=\u00bboff\u00bb button_one_border_width__hover_enabled=\u00bboff\u00bb button_two_border_width__hover_enabled=\u00bboff\u00bb button_one_border_color__hover_enabled=\u00bboff\u00bb button_two_border_color__hover_enabled=\u00bboff\u00bb button_one_border_radius__hover_enabled=\u00bboff\u00bb button_two_border_radius__hover_enabled=\u00bboff\u00bb button_one_letter_spacing__hover_enabled=\u00bbon\u00bb button_one_letter_spacing__hover=\u00bb0&#8243; button_two_letter_spacing__hover_enabled=\u00bbon\u00bb button_two_letter_spacing__hover=\u00bb0&#8243; button_one_bg_color__hover_enabled=\u00bboff\u00bb button_two_bg_color__hover_enabled=\u00bboff\u00bb][\/et_pb_fullwidth_header][\/et_pb_section][et_pb_section fb_built=\u00bb1&#8243; _builder_version=\u00bb4.16&#8243; global_colors_info=\u00bb{}\u00bb][et_pb_row column_structure=\u00bb2_3,1_3&#8243; _builder_version=\u00bb4.16&#8243; global_colors_info=\u00bb{}\u00bb][et_pb_column type=\u00bb2_3&#8243; _builder_version=\u00bb4.16&#8243; custom_padding=\u00bb|||\u00bb global_colors_info=\u00bb{}\u00bb custom_padding__hover=\u00bb|||\u00bb][et_pb_text _builder_version=\u00bb4.16&#8243; module_alignment=\u00bbleft\u00bb custom_margin=\u00bb||10px|\u00bb border_style=\u00bbsolid\u00bb global_colors_info=\u00bb{}\u00bb]<h2 style=\"text-align: justify;\"><strong>\u00bfC\u00f3mo nos puede ayudar un psic\u00f3logo?<\/strong><\/h2>\r[\/et_pb_text][et_pb_divider divider_weight=\u00bb3&#8243; disabled_on=\u00bboff\u00bb _builder_version=\u00bb4.16&#8243; height=\u00bb0px\u00bb custom_css_main_element=\u00bbmax-width:130px;\u00bb hide_on_mobile=\u00bboff\u00bb global_colors_info=\u00bb{}\u00bb][\/et_pb_divider][et_pb_text _builder_version=\u00bb4.16&#8243; module_alignment=\u00bbleft\u00bb border_style=\u00bbsolid\u00bb global_colors_info=\u00bb{}\u00bb]<p style=\"text-align: justify;\">En el d\u00eda a d\u00eda, muchas personas anteponen las necesidades de los dem\u00e1s a las suyas, esto puede repercutir emocionalmente, generando sentimientos de soledad. Acudir al psic\u00f3logo es una manera de cuidarnos y dedicar tiempo para nosotros, es una manera de preocuparnos por nosotros mismos, eso es de suma importancia. En la consulta tendr\u00e1s tiempo para ti, para hablar de tus problemas, preocupaciones y necesidades\u2026<\/p>\r[\/et_pb_text][\/et_pb_column][et_pb_column type=\u00bb1_3&#8243; _builder_version=\u00bb4.16&#8243; custom_padding=\u00bb|||\u00bb global_colors_info=\u00bb{}\u00bb custom_padding__hover=\u00bb|||\u00bb][et_pb_image src=\u00bbhttps:\/\/www.psicologiacolmenar.es\/psicologo\/wp-content\/uploads\/2017\/07\/como-nos-puede-ayudar-un-psicologo.jpg\u00bb align=\u00bbcenter\u00bb align_tablet=\u00bbcenter\u00bb align_phone=\u00bb\u00bb align_last_edited=\u00bbon|desktop\u00bb _builder_version=\u00bb4.16&#8243; animation_style=\u00bbslide\u00bb animation_direction=\u00bbright\u00bb animation_duration=\u00bb500ms\u00bb animation_intensity_slide=\u00bb10%\u00bb custom_css_main_element=\u00bb-webkit-clip-path: polygon(100% 0, 100% 94%, 15% 100%, 0 94%, 0 0);||clip-path: polygon(100% 0, 100% 94%, 15% 100%, 0 94%, 0 0);\u00bb border_style=\u00bbsolid\u00bb animation=\u00bbright\u00bb sticky=\u00bboff\u00bb always_center_on_mobile=\u00bbon\u00bb global_colors_info=\u00bb{}\u00bb][\/et_pb_image][\/et_pb_column][\/et_pb_row][\/et_pb_section][et_pb_section fb_built=\u00bb1&#8243; _builder_version=\u00bb4.16&#8243; background_image=\u00bbhttp:\/\/psicologiacolmenar.es\/psicologo\/wp-content\/uploads\/2017\/07\/emociones-psicologia-madrid-colmenar-viejo.jpg\u00bb parallax=\u00bbon\u00bb parallax_method=\u00bboff\u00bb global_colors_info=\u00bb{}\u00bb][et_pb_row column_structure=\u00bb1_2,1_2&#8243; _builder_version=\u00bb4.16&#8243; background_size=\u00bbinitial\u00bb background_position=\u00bbtop_left\u00bb background_repeat=\u00bbrepeat\u00bb global_colors_info=\u00bb{}\u00bb][et_pb_column type=\u00bb1_2&#8243; _builder_version=\u00bb4.16&#8243; custom_padding=\u00bb|||\u00bb global_colors_info=\u00bb{}\u00bb custom_padding__hover=\u00bb|||\u00bb][\/et_pb_column][et_pb_column type=\u00bb1_2&#8243; _builder_version=\u00bb4.16&#8243; custom_padding=\u00bb|||\u00bb global_colors_info=\u00bb{}\u00bb custom_padding__hover=\u00bb|||\u00bb][et_pb_text _builder_version=\u00bb4.16&#8243; text_font_size=\u00bb16&#8243; background_color=\u00bbrgba(37,91,125,0.7)\u00bb text_orientation=\u00bbjustified\u00bb background_layout=\u00bbdark\u00bb module_alignment=\u00bbjustified\u00bb custom_padding=\u00bb40px|40px|50px|40px\u00bb custom_padding_tablet=\u00bb\u00bb custom_padding_phone=\u00bb30px|20px|50px|20px\u00bb custom_padding_last_edited=\u00bbon|phone\u00bb custom_css_main_element=\u00bb-webkit-clip-path: polygon(100% 0, 100% 94%, 15% 100%, 0 94%, 0 0);||clip-path: polygon(100% 0, 100% 94%, 15% 100%, 0 94%, 0 0);\u00bb border_style=\u00bbsolid\u00bb global_colors_info=\u00bb{}\u00bb]<p style=\"text-align: justify;\">En nuestra vida a veces las emociones nos dominan, impidi\u00e9ndonos pensar con claridad, bloque\u00e1ndonos, y oblig\u00e1ndonos a tomar decisiones precipitadas. Un psic\u00f3logo nos puede ayudar a encontrar el camino y a encontrar las explicaciones de lo que nos pasa.<\/p>\r\n<p style=\"text-align: justify;\">Un psic\u00f3logo nos escucha sin juzgarnos, sin aplicar estereotipos ni etiquetas. El que nos acepten incondicionalmente nos ayuda a reequilibrar nuestra autoestima.<\/p>\r\n<p style=\"text-align: justify;\">El psic\u00f3logo no va a opinar sobre nuestros valores, experiencias o decisiones, catalog\u00e1ndolas de justas o injustas. Nos mostrar\u00e1 un punto de vista objetivo y profesional sobre lo que est\u00e1 sucediendo, nos ayudar\u00e1 a buscar una explicaci\u00f3n, para comprender lo que nos sucede y poder encontrar la soluci\u00f3n a nuestros problemas.<\/p>\r\n<p style=\"text-align: justify;\">El psic\u00f3logo nos ayudar\u00e1 a conocernos mejor, y a comprender mejor a otras personas.<\/p>\r[\/et_pb_text][\/et_pb_column][\/et_pb_row][\/et_pb_section][et_pb_section fb_built=\u00bb1&#8243; _builder_version=\u00bb4.16&#8243; global_colors_info=\u00bb{}\u00bb][et_pb_row column_structure=\u00bb2_3,1_3&#8243; _builder_version=\u00bb4.16&#8243; background_size=\u00bbinitial\u00bb background_position=\u00bbtop_left\u00bb background_repeat=\u00bbrepeat\u00bb global_colors_info=\u00bb{}\u00bb][et_pb_column type=\u00bb2_3&#8243; _builder_version=\u00bb4.16&#8243; custom_padding=\u00bb|||\u00bb global_colors_info=\u00bb{}\u00bb custom_padding__hover=\u00bb|||\u00bb][et_pb_text _builder_version=\u00bb4.16&#8243; module_alignment=\u00bbleft\u00bb custom_margin=\u00bb||10px|\u00bb border_style=\u00bbsolid\u00bb global_colors_info=\u00bb{}\u00bb]<h2><strong>\u201cEl psic\u00f3logo no resuelve nuestros problemas, nos ayuda a encontrar la soluci\u00f3n\u201d<\/strong><\/h2>\r[\/et_pb_text][et_pb_divider divider_weight=\u00bb3&#8243; disabled_on=\u00bboff\u00bb _builder_version=\u00bb4.16&#8243; height=\u00bb0px\u00bb custom_css_main_element=\u00bbmax-width:130px;\u00bb hide_on_mobile=\u00bboff\u00bb global_colors_info=\u00bb{}\u00bb][\/et_pb_divider][et_pb_text _builder_version=\u00bb4.16&#8243; module_alignment=\u00bbleft\u00bb border_style=\u00bbsolid\u00bb global_colors_info=\u00bb{}\u00bb]<p style=\"text-align: justify;\">El conocer el porqu\u00e9 de nuestros sentimientos, conductas y pensamientos, el poder cambiar aquello que nos hace sentir mal, es algo que nos ayudar\u00e1 a conseguir un psic\u00f3logo. Identificar y cambiar nuestros pensamientos disfuncionales, as\u00ed como gestionar adecuadamente nuestras emociones es clave para tratar la mayor\u00eda de los trastornos emocionales.<\/p>\r\n<p style=\"text-align: justify;\">Los problemas, preocupaciones y conflictos forman parte de la vida cotidiana, la psicolog\u00eda nos ofrece herramientas \u00fatiles para resolver nuestros problemas actuales, a la vez que nos da las herramientas para resolver los que se nos puedan presentar en el futuro. Nos ayuda a potenciar y desarrollar habilidades, no solo aportando un car\u00e1cter curativo sino tambi\u00e9n preventivo.<\/p>\r[\/et_pb_text][\/et_pb_column][et_pb_column type=\u00bb1_3&#8243; _builder_version=\u00bb4.16&#8243; custom_padding=\u00bb|||\u00bb global_colors_info=\u00bb{}\u00bb custom_padding__hover=\u00bb|||\u00bb][et_pb_image src=\u00bbhttp:\/\/psicologiacolmenar.es\/psicologo\/wp-content\/uploads\/2017\/07\/psicologos-en-colmenar-viejo.jpg\u00bb align=\u00bbcenter\u00bb align_tablet=\u00bbcenter\u00bb align_phone=\u00bb\u00bb align_last_edited=\u00bbon|desktop\u00bb _builder_version=\u00bb4.16&#8243; animation_style=\u00bbslide\u00bb animation_direction=\u00bbright\u00bb animation_duration=\u00bb500ms\u00bb animation_intensity_slide=\u00bb10%\u00bb custom_css_main_element=\u00bb-webkit-clip-path: polygon(100% 0, 100% 94%, 15% 100%, 0 94%, 0 0);||clip-path: polygon(100% 0, 100% 94%, 15% 100%, 0 94%, 0 0);\u00bb border_style=\u00bbsolid\u00bb animation=\u00bbright\u00bb sticky=\u00bboff\u00bb always_center_on_mobile=\u00bbon\u00bb global_colors_info=\u00bb{}\u00bb][\/et_pb_image][\/et_pb_column][\/et_pb_row][\/et_pb_section][et_pb_section fb_built=\u00bb1&#8243; _builder_version=\u00bb4.16&#8243; background_image=\u00bbhttp:\/\/psicologiacolmenar.es\/psicologo\/wp-content\/uploads\/2017\/07\/tomar-decisiones-psicologos-madrid-colmenar-viejo.jpg\u00bb parallax=\u00bbon\u00bb parallax_method=\u00bboff\u00bb global_colors_info=\u00bb{}\u00bb][et_pb_row column_structure=\u00bb1_2,1_2&#8243; _builder_version=\u00bb4.16&#8243; background_size=\u00bbinitial\u00bb background_position=\u00bbtop_left\u00bb background_repeat=\u00bbrepeat\u00bb global_colors_info=\u00bb{}\u00bb][et_pb_column type=\u00bb1_2&#8243; _builder_version=\u00bb4.16&#8243; custom_padding=\u00bb|||\u00bb global_colors_info=\u00bb{}\u00bb custom_padding__hover=\u00bb|||\u00bb][\/et_pb_column][et_pb_column type=\u00bb1_2&#8243; _builder_version=\u00bb4.16&#8243; custom_padding=\u00bb|||\u00bb global_colors_info=\u00bb{}\u00bb custom_padding__hover=\u00bb|||\u00bb][et_pb_text _builder_version=\u00bb4.16&#8243; text_font_size=\u00bb16&#8243; background_color=\u00bbrgba(37,91,125,0.7)\u00bb text_orientation=\u00bbjustified\u00bb background_layout=\u00bbdark\u00bb module_alignment=\u00bbjustified\u00bb custom_padding=\u00bb40px|40px|50px|40px\u00bb custom_padding_tablet=\u00bb\u00bb custom_padding_phone=\u00bb30px|20px|50px|20px\u00bb custom_padding_last_edited=\u00bbon|phone\u00bb custom_css_main_element=\u00bb-webkit-clip-path: polygon(100% 0, 100% 94%, 15% 100%, 0 94%, 0 0);||clip-path: polygon(100% 0, 100% 94%, 15% 100%, 0 94%, 0 0);\u00bb border_style=\u00bbsolid\u00bb global_colors_info=\u00bb{}\u00bb]<p style=\"text-align: justify;\">Existe todav\u00eda una concepci\u00f3n err\u00f3nea de acudir al psic\u00f3logo en situaciones extremas que nos desbordan o cuando nos encontramos mal. Deber\u00edamos acudir a un psic\u00f3logo tambi\u00e9n cuando necesitemos tomar una decisi\u00f3n importante en nuestra vida o para profundizar y conocer nuestras necesidades o simplemente para tener una visi\u00f3n m\u00e1s clara de lo deseamos en nuestra vida.<\/p>\r\n<p style=\"text-align: justify;\">La psicolog\u00eda nos ayuda tambi\u00e9n a conseguir metas, a mejorar nuestras relaciones o simplemente a tener mayor autoestima y confianza en nosotros mismos.<\/p>\r[\/et_pb_text][\/et_pb_column][\/et_pb_row][\/et_pb_section][et_pb_section fb_built=\u00bb1&#8243; _builder_version=\u00bb4.16&#8243; global_colors_info=\u00bb{}\u00bb][et_pb_row _builder_version=\u00bb4.16&#8243; background_size=\u00bbinitial\u00bb background_position=\u00bbtop_left\u00bb background_repeat=\u00bbrepeat\u00bb global_colors_info=\u00bb{}\u00bb][et_pb_column type=\u00bb4_4&#8243; _builder_version=\u00bb4.16&#8243; custom_padding=\u00bb|||\u00bb global_colors_info=\u00bb{}\u00bb custom_padding__hover=\u00bb|||\u00bb][et_pb_text _builder_version=\u00bb4.16&#8243; module_alignment=\u00bbleft\u00bb custom_margin=\u00bb||10px|\u00bb border_style=\u00bbsolid\u00bb global_colors_info=\u00bb{}\u00bb]<h2 style=\"text-align: center;\">Avanza Gabinete de Psicolog\u00eda es un centro sanitario autorizado por la Comunidad de Madrid<\/h2>\r\n<h2 style=\"text-align: center;\"><strong>n\u00ba CS14858<\/strong><\/h2>\r[\/et_pb_text][\/et_pb_column][\/et_pb_row][et_pb_row column_structure=\u00bb1_2,1_2&#8243; _builder_version=\u00bb4.16&#8243; background_size=\u00bbinitial\u00bb background_position=\u00bbtop_left\u00bb background_repeat=\u00bbrepeat\u00bb global_colors_info=\u00bb{}\u00bb][et_pb_column type=\u00bb1_2&#8243; _builder_version=\u00bb4.16&#8243; custom_padding=\u00bb|||\u00bb global_colors_info=\u00bb{}\u00bb custom_padding__hover=\u00bb|||\u00bb][et_pb_image src=\u00bbhttps:\/\/www.psicologiacolmenar.es\/psicologo\/wp-content\/uploads\/2024\/03\/LOGO-COP-1.png\u00bb align=\u00bbcenter\u00bb align_tablet=\u00bbcenter\u00bb align_phone=\u00bb\u00bb align_last_edited=\u00bbon|desktop\u00bb _builder_version=\u00bb4.27.4&#8243; hover_enabled=\u00bb0&#8243; border_style=\u00bbsolid\u00bb animation=\u00bboff\u00bb sticky=\u00bboff\u00bb always_center_on_mobile=\u00bbon\u00bb global_colors_info=\u00bb{}\u00bb title_text=\u00bbLOGO COP\u00bb sticky_enabled=\u00bb0&#8243;][\/et_pb_image][\/et_pb_column][et_pb_column type=\u00bb1_2&#8243; _builder_version=\u00bb4.16&#8243; custom_padding=\u00bb|||\u00bb global_colors_info=\u00bb{}\u00bb custom_padding__hover=\u00bb|||\u00bb][et_pb_image src=\u00bbhttp:\/\/psicologiacolmenar.es\/psicologo\/wp-content\/uploads\/2017\/07\/salud-madrid-comunidad-de-madrid.jpg\u00bb align=\u00bbcenter\u00bb align_tablet=\u00bbcenter\u00bb align_phone=\u00bb\u00bb align_last_edited=\u00bbon|desktop\u00bb _builder_version=\u00bb4.16&#8243; border_style=\u00bbsolid\u00bb animation=\u00bboff\u00bb sticky=\u00bboff\u00bb always_center_on_mobile=\u00bbon\u00bb global_colors_info=\u00bb{}\u00bb][\/et_pb_image][\/et_pb_column][\/et_pb_row][\/et_pb_section]\n","protected":false},"excerpt":{"rendered":"<p>\u00bfC\u00f3mo nos puede ayudar un psic\u00f3logo? En el d\u00eda a d\u00eda, muchas personas anteponen las necesidades de los dem\u00e1s a las suyas, esto puede repercutir emocionalmente, generando sentimientos de soledad. Acudir al psic\u00f3logo es una manera de cuidarnos y dedicar tiempo para nosotros, es una manera de preocuparnos por nosotros mismos, eso es de suma [&hellip;]<\/p>\n","protected":false},"author":2,"featured_media":0,"parent":0,"menu_order":0,"comment_status":"closed","ping_status":"closed","template":"","meta":{"_et_pb_use_builder":"on","_et_pb_old_content":"<p>Ctra. Hoyo de Manzanares 40, C.C El Portachuelo, Local 11<\/p><p><strong><u>Primera consulta informativa gratuita<\/u><\/strong><\/p><p>\u00a0<\/p><p><strong>\u00bfC\u00f3mo nos puede ayudar un psic\u00f3logo?<\/strong><\/p><p><em>En el d\u00eda a d\u00eda, muchas personas anteponen las necesidades de los dem\u00e1s a las suyas, esto puede repercutir emocionalmente, generando sentimientos de soledad. Acudir al psic\u00f3logo es una manera de cuidarnos y dedicar tiempo para nosotros, es una manera de preocuparnos por nosotros mismos, eso es de suma importancia. En la consulta tendr\u00e1s tiempo para ti, para hablar de tus problemas, preocupaciones y necesidades\u2026<\/em><\/p><p><em>En nuestra vida a veces las emociones nos dominan, impidi\u00e9ndonos pensar con claridad, bloque\u00e1ndonos, y oblig\u00e1ndonos a tomar decisiones precipitadas. Un psic\u00f3logo nos puede ayudar a encontrar el camino y a encontrar las explicaciones de lo que nos pasa.<\/em><\/p><p><em>Un psic\u00f3logo nos escucha sin juzgarnos, sin aplicar estereotipos ni etiquetas. El que nos acepten incondicionalmente nos ayuda a reequilibrar nuestra autoestima.<\/em><\/p><p><em>El psic\u00f3logo no va a opinar sobre nuestros valores, experiencias o decisiones, catalog\u00e1ndolas de justas o injustas. Nos mostrar\u00e1 un punto de vista objetivo y profesional sobre lo que est\u00e1 sucediendo, nos ayudar\u00e1 a buscar una explicaci\u00f3n, para comprender lo que nos sucede y poder encontrar la soluci\u00f3n a nuestros problemas.<\/em><\/p><p><em>El psic\u00f3logo nos ayudar\u00e1 a conocernos mejor, y a comprender mejor a otras personas.<\/em><\/p><p><em>El conocer el porqu\u00e9 de nuestros sentimientos, conductas y pensamientos, el poder cambiar aquello que nos hace sentir mal, es algo que nos ayudar\u00e1 a conseguir un psic\u00f3logo. Identificar y cambiar nuestros pensamientos disfuncionales, as\u00ed como gestionar adecuadamente nuestras emociones es clave para tratar la mayor\u00eda de los trastornos emocionales.<\/em><\/p><p><em>Los problemas, preocupaciones y conflictos forman parte de la vida cotidiana, la psicolog\u00eda nos ofrece herramientas \u00fatiles para resolver nuestros problemas actuales, a la vez que nos da las herramientas para resolver los que se nos puedan presentar en el futuro. Nos ayuda a potenciar y desarrollar habilidades, no solo aportando un car\u00e1cter curativo sino tambi\u00e9n preventivo.<\/em><\/p><p><em>Existe todav\u00eda una concepci\u00f3n err\u00f3nea de acudir al psic\u00f3logo en situaciones extremas que nos desbordan o cuando nos encontramos mal. Deber\u00edamos acudir a un psic\u00f3logo tambi\u00e9n cuando necesitemos tomar una decisi\u00f3n importante en nuestra vida o para profundizar y conocer nuestras necesidades o simplemente para tener una visi\u00f3n m\u00e1s clara de lo deseamos en nuestra vida.<\/em><\/p><p><em>La psicolog\u00eda nos ayuda tambi\u00e9n a conseguir metas, a mejorar nuestras relaciones o simplemente a tener mayor autoestima y confianza en nosotros mismos.<\/em><\/p><p><strong><em>\u201cEl psic\u00f3logo no resuelve nuestros problemas, nos ayuda a encontrar la soluci\u00f3n\u201d<\/em><\/strong><\/p><p><strong><u>AVANZA GABINETE DE PSICOLOG\u00cdA ES UN CENTRO SANITARIO AUTORIZADO POR LA COMUNIDAD DE MADRID<\/u><\/strong><\/p>","_et_gb_content_width":"","footnotes":""},"class_list":["post-42","page","type-page","status-publish","hentry"],"yoast_head":"<!-- This site is optimized with the Yoast SEO Premium plugin v19.2.1 (Yoast SEO v27.4) - https:\/\/yoast.com\/product\/yoast-seo-premium-wordpress\/ -->\n<title>Psicologo en Colmenar inicio - Psicologos en Colmenar Viejo Madrid<\/title>\n<meta name=\"description\" content=\"Acudir al psic\u00f3logo es una manera de cuidarnos y dedicar tiempo para nosotros, es una manera de preocuparnos por nosotros mismos.\" \/>\n<meta name=\"robots\" content=\"index, follow, max-snippet:-1, max-image-preview:large, max-video-preview:-1\" \/>\n<link rel=\"canonical\" href=\"https:\/\/www.psicologiacolmenar.es\/psicologo\/\" \/>\n<meta property=\"og:locale\" content=\"es_ES\" \/>\n<meta property=\"og:type\" content=\"article\" \/>\n<meta property=\"og:title\" content=\"Psicologo en Colmenar inicio\" \/>\n<meta property=\"og:url\" content=\"https:\/\/www.psicologiacolmenar.es\/psicologo\/\" \/>\n<meta property=\"og:site_name\" content=\"Psicologos en Colmenar Viejo Madrid\" \/>\n<meta property=\"article:publisher\" content=\"https:\/\/www.facebook.com\/psicologocolmenar\/\" \/>\n<meta property=\"article:modified_time\" content=\"2026-02-06T10:06:38+00:00\" \/>\n<meta name=\"twitter:card\" content=\"summary_large_image\" \/>\n<meta name=\"twitter:site\" content=\"@jmsanmartinps1\" \/>\n<meta name=\"twitter:label1\" content=\"Tiempo de lectura\" \/>\n\t<meta name=\"twitter:data1\" content=\"3 minutos\" \/>\n<script type=\"application\/ld+json\" class=\"yoast-schema-graph\">{\"@context\":\"https:\\\/\\\/schema.org\",\"@graph\":[{\"@type\":\"WebPage\",\"@id\":\"https:\\\/\\\/www.psicologiacolmenar.es\\\/psicologo\\\/\",\"url\":\"https:\\\/\\\/www.psicologiacolmenar.es\\\/psicologo\\\/\",\"name\":\"Psicologo en Colmenar inicio - Psicologos en Colmenar Viejo Madrid\",\"isPartOf\":{\"@id\":\"https:\\\/\\\/www.psicologiacolmenar.es\\\/psicologo\\\/#website\"},\"datePublished\":\"2017-07-24T08:56:28+00:00\",\"dateModified\":\"2026-02-06T10:06:38+00:00\",\"description\":\"Acudir al psic\u00f3logo es una manera de cuidarnos y dedicar tiempo para nosotros, es una manera de preocuparnos por nosotros mismos.\",\"breadcrumb\":{\"@id\":\"https:\\\/\\\/www.psicologiacolmenar.es\\\/psicologo\\\/#breadcrumb\"},\"inLanguage\":\"es\",\"potentialAction\":[{\"@type\":\"ReadAction\",\"target\":[\"https:\\\/\\\/www.psicologiacolmenar.es\\\/psicologo\\\/\"]}]},{\"@type\":\"BreadcrumbList\",\"@id\":\"https:\\\/\\\/www.psicologiacolmenar.es\\\/psicologo\\\/#breadcrumb\",\"itemListElement\":[{\"@type\":\"ListItem\",\"position\":1,\"name\":\"Portada\",\"item\":\"https:\\\/\\\/www.psicologiacolmenar.es\\\/psicologo\\\/\"},{\"@type\":\"ListItem\",\"position\":2,\"name\":\"Psicologo en Colmenar inicio\"}]},{\"@type\":\"WebSite\",\"@id\":\"https:\\\/\\\/www.psicologiacolmenar.es\\\/psicologo\\\/#website\",\"url\":\"https:\\\/\\\/www.psicologiacolmenar.es\\\/psicologo\\\/\",\"name\":\"Psicologos en Colmenar Viejo Madrid\",\"description\":\"Gabinete de psicologos y Centro de psicolog\u00eda en Colmenar Viejo\",\"potentialAction\":[{\"@type\":\"SearchAction\",\"target\":{\"@type\":\"EntryPoint\",\"urlTemplate\":\"https:\\\/\\\/www.psicologiacolmenar.es\\\/psicologo\\\/?s={search_term_string}\"},\"query-input\":{\"@type\":\"PropertyValueSpecification\",\"valueRequired\":true,\"valueName\":\"search_term_string\"}}],\"inLanguage\":\"es\"}]}<\/script>\n<!-- \/ Yoast SEO Premium plugin. -->","yoast_head_json":{"title":"Psicologo en Colmenar inicio - Psicologos en Colmenar Viejo Madrid","description":"Acudir al psic\u00f3logo es una manera de cuidarnos y dedicar tiempo para nosotros, es una manera de preocuparnos por nosotros mismos.","robots":{"index":"index","follow":"follow","max-snippet":"max-snippet:-1","max-image-preview":"max-image-preview:large","max-video-preview":"max-video-preview:-1"},"canonical":"https:\/\/www.psicologiacolmenar.es\/psicologo\/","og_locale":"es_ES","og_type":"article","og_title":"Psicologo en Colmenar inicio","og_url":"https:\/\/www.psicologiacolmenar.es\/psicologo\/","og_site_name":"Psicologos en Colmenar Viejo Madrid","article_publisher":"https:\/\/www.facebook.com\/psicologocolmenar\/","article_modified_time":"2026-02-06T10:06:38+00:00","twitter_card":"summary_large_image","twitter_site":"@jmsanmartinps1","twitter_misc":{"Tiempo de lectura":"3 minutos"},"schema":{"@context":"https:\/\/schema.org","@graph":[{"@type":"WebPage","@id":"https:\/\/www.psicologiacolmenar.es\/psicologo\/","url":"https:\/\/www.psicologiacolmenar.es\/psicologo\/","name":"Psicologo en Colmenar inicio - Psicologos en Colmenar Viejo Madrid","isPartOf":{"@id":"https:\/\/www.psicologiacolmenar.es\/psicologo\/#website"},"datePublished":"2017-07-24T08:56:28+00:00","dateModified":"2026-02-06T10:06:38+00:00","description":"Acudir al psic\u00f3logo es una manera de cuidarnos y dedicar tiempo para nosotros, es una manera de preocuparnos por nosotros mismos.","breadcrumb":{"@id":"https:\/\/www.psicologiacolmenar.es\/psicologo\/#breadcrumb"},"inLanguage":"es","potentialAction":[{"@type":"ReadAction","target":["https:\/\/www.psicologiacolmenar.es\/psicologo\/"]}]},{"@type":"BreadcrumbList","@id":"https:\/\/www.psicologiacolmenar.es\/psicologo\/#breadcrumb","itemListElement":[{"@type":"ListItem","position":1,"name":"Portada","item":"https:\/\/www.psicologiacolmenar.es\/psicologo\/"},{"@type":"ListItem","position":2,"name":"Psicologo en Colmenar inicio"}]},{"@type":"WebSite","@id":"https:\/\/www.psicologiacolmenar.es\/psicologo\/#website","url":"https:\/\/www.psicologiacolmenar.es\/psicologo\/","name":"Psicologos en Colmenar Viejo Madrid","description":"Gabinete de psicologos y Centro de psicolog\u00eda en Colmenar Viejo","potentialAction":[{"@type":"SearchAction","target":{"@type":"EntryPoint","urlTemplate":"https:\/\/www.psicologiacolmenar.es\/psicologo\/?s={search_term_string}"},"query-input":{"@type":"PropertyValueSpecification","valueRequired":true,"valueName":"search_term_string"}}],"inLanguage":"es"}]}},"_links":{"self":[{"href":"https:\/\/www.psicologiacolmenar.es\/psicologo\/wp-json\/wp\/v2\/pages\/42","targetHints":{"allow":["GET"]}}],"collection":[{"href":"https:\/\/www.psicologiacolmenar.es\/psicologo\/wp-json\/wp\/v2\/pages"}],"about":[{"href":"https:\/\/www.psicologiacolmenar.es\/psicologo\/wp-json\/wp\/v2\/types\/page"}],"author":[{"embeddable":true,"href":"https:\/\/www.psicologiacolmenar.es\/psicologo\/wp-json\/wp\/v2\/users\/2"}],"replies":[{"embeddable":true,"href":"https:\/\/www.psicologiacolmenar.es\/psicologo\/wp-json\/wp\/v2\/comments?post=42"}],"version-history":[{"count":7,"href":"https:\/\/www.psicologiacolmenar.es\/psicologo\/wp-json\/wp\/v2\/pages\/42\/revisions"}],"predecessor-version":[{"id":1556,"href":"https:\/\/www.psicologiacolmenar.es\/psicologo\/wp-json\/wp\/v2\/pages\/42\/revisions\/1556"}],"wp:attachment":[{"href":"https:\/\/www.psicologiacolmenar.es\/psicologo\/wp-json\/wp\/v2\/media?parent=42"}],"curies":[{"name":"wp","href":"https:\/\/api.w.org\/{rel}","templated":true}]}}