{"id":55,"date":"2017-07-24T09:11:36","date_gmt":"2017-07-24T09:11:36","guid":{"rendered":"http:\/\/psicologiacolmenar.es\/psicologo\/?page_id=55"},"modified":"2021-04-05T09:46:37","modified_gmt":"2021-04-05T09:46:37","slug":"psicologo-para-servicios-psicologia-especializados-colmenar-viejo","status":"publish","type":"page","link":"https:\/\/www.psicologiacolmenar.es\/psicologo\/psicologo-para-servicios-psicologia-especializados-colmenar-viejo\/","title":{"rendered":"Psic\u00f3logo para servicios psicolog\u00eda especializados Colmenar viejo"},"content":{"rendered":"<p>[et_pb_section fb_built=\u00bb1&#8243; fullwidth=\u00bbon\u00bb _builder_version=\u00bb3.22&#8243;][et_pb_fullwidth_header title=\u00bbSERVICIOS\u00bb background_overlay_color=\u00bbrgba(37,91,125,0.2)\u00bb content_max_width=\u00bbnone\u00bb _builder_version=\u00bb3.16&#8243; background_color=\u00bbrgba(255, 255, 255, 0)\u00bb background_image=\u00bbhttp:\/\/psicologiacolmenar.es\/psicologo\/wp-content\/uploads\/2017\/07\/servicios-psicologia-psicologos-colmenar-viejo-madrid.jpg\u00bb button_one_letter_spacing_hover=\u00bb0&#8243; button_two_letter_spacing_hover=\u00bb0&#8243; button_one_text_size__hover_enabled=\u00bboff\u00bb button_two_text_size__hover_enabled=\u00bboff\u00bb button_one_text_color__hover_enabled=\u00bboff\u00bb button_two_text_color__hover_enabled=\u00bboff\u00bb button_one_border_width__hover_enabled=\u00bboff\u00bb button_two_border_width__hover_enabled=\u00bboff\u00bb button_one_border_color__hover_enabled=\u00bboff\u00bb button_two_border_color__hover_enabled=\u00bboff\u00bb button_one_border_radius__hover_enabled=\u00bboff\u00bb button_two_border_radius__hover_enabled=\u00bboff\u00bb button_one_letter_spacing__hover_enabled=\u00bbon\u00bb button_one_letter_spacing__hover=\u00bb0&#8243; button_two_letter_spacing__hover_enabled=\u00bbon\u00bb button_two_letter_spacing__hover=\u00bb0&#8243; button_one_bg_color__hover_enabled=\u00bboff\u00bb button_two_bg_color__hover_enabled=\u00bboff\u00bb][\/et_pb_fullwidth_header][\/et_pb_section][et_pb_section fb_built=\u00bb1&#8243; _builder_version=\u00bb3.22&#8243;][et_pb_row use_custom_gutter=\u00bbon\u00bb module_class=\u00bb et_pb_row_fullwidth\u00bb _builder_version=\u00bb3.25&#8243; width=\u00bb89%\u00bb width_tablet=\u00bb80%\u00bb width_last_edited=\u00bbon|desktop\u00bb max_width=\u00bb89%\u00bb max_width_tablet=\u00bb80%\u00bb max_width_last_edited=\u00bbon|desktop\u00bb module_alignment=\u00bbcenter\u00bb make_fullwidth=\u00bbon\u00bb width_unit=\u00bboff\u00bb custom_width_percent=\u00bb70%\u00bb column_structure=\u00bb1_4,1_4,1_4,1_4&#8243;][et_pb_column type=\u00bb1_4&#8243; _builder_version=\u00bb3.25&#8243; background_position=\u00bbtop_left\u00bb custom_padding=\u00bb|||\u00bb custom_padding__hover=\u00bb|||\u00bb][\/et_pb_column][et_pb_column type=\u00bb1_4&#8243; module_class=\u00bbmayores\u00bb _builder_version=\u00bb3.25&#8243; background_color=\u00bb#009cb4&#8243; background_position=\u00bbtop_left\u00bb custom_padding=\u00bb|||\u00bb custom_padding_last_edited=\u00bboff|desktop\u00bb custom_padding__hover=\u00bb|||\u00bb][et_pb_image src=\u00bbhttp:\/\/psicologiacolmenar.es\/psicologo\/wp-content\/uploads\/2017\/07\/centros-de-mayores-psicologos-madrid.jpg\u00bb url=\u00bbhttps:\/\/www.psicologiacolmenar.es\/psicologo\/residencias-de-mayores\/\u00bb use_overlay=\u00bbon\u00bb overlay_icon_color=\u00bb#ffffff\u00bb hover_overlay_color=\u00bbrgba(0,156,180,0.5)\u00bb hover_icon=\u00bb%%190%%\u00bb show_bottom_space=\u00bboff\u00bb align=\u00bbcenter\u00bb force_fullwidth=\u00bbon\u00bb align_tablet=\u00bbcenter\u00bb align_last_edited=\u00bbon|desktop\u00bb _builder_version=\u00bb4.2.2&#8243; hover_enabled=\u00bb0&#8243; custom_css_main_element=\u00bb-webkit-clip-path: polygon(100% 0, 100% 94%, 15% 100%, 0 94%, 0 0);||clip-path: polygon(100% 0, 100% 94%, 15% 100%, 0 94%, 0 0);\u00bb border_style=\u00bbsolid\u00bb animation=\u00bboff\u00bb sticky=\u00bbon\u00bb always_center_on_mobile=\u00bbon\u00bb][\/et_pb_image][et_pb_text _builder_version=\u00bb3.27.4&#8243; background_layout=\u00bbdark\u00bb module_alignment=\u00bbleft\u00bb custom_margin=\u00bb20px||15px|\u00bb border_style=\u00bbsolid\u00bb]<\/p>\n<h2 style=\"text-align: center;\"><a href=\"http:\/\/psicologiacolmenar.es\/psicologo\/servicios-de-psicologos-a-residencias-de-tercera-edad-psicologo-a-domicilio-para-residencias-de-mayores-externalizacion-de-psicologis\/\">Residencias de mayores<\/a><\/h2>\n<p>[\/et_pb_text][\/et_pb_column][et_pb_column type=\u00bb1_4&#8243; module_class=\u00bbmayores\u00bb _builder_version=\u00bb3.25&#8243; background_color=\u00bb#009cb4&#8243; background_position=\u00bbtop_left\u00bb custom_padding=\u00bb|||\u00bb custom_padding_last_edited=\u00bboff|desktop\u00bb custom_padding__hover=\u00bb|||\u00bb][et_pb_image src=\u00bbhttp:\/\/psicologiacolmenar.es\/psicologo\/wp-content\/uploads\/2017\/07\/personas-discapacitadas-psicologos-madrid.jpg\u00bb url=\u00bbhttps:\/\/www.psicologiacolmenar.es\/psicologo\/centros-especiales-de-empleo\/\u00bb use_overlay=\u00bbon\u00bb overlay_icon_color=\u00bb#ffffff\u00bb hover_overlay_color=\u00bbrgba(0,156,180,0.5)\u00bb hover_icon=\u00bb%%190%%\u00bb show_bottom_space=\u00bboff\u00bb align=\u00bbcenter\u00bb force_fullwidth=\u00bbon\u00bb align_tablet=\u00bbcenter\u00bb align_last_edited=\u00bbon|desktop\u00bb _builder_version=\u00bb4.2.2&#8243; hover_enabled=\u00bb0&#8243; custom_css_main_element=\u00bb-webkit-clip-path: polygon(100% 0, 100% 94%, 15% 100%, 0 94%, 0 0);||clip-path: polygon(100% 0, 100% 94%, 15% 100%, 0 94%, 0 0);\u00bb border_style=\u00bbsolid\u00bb animation=\u00bboff\u00bb sticky=\u00bbon\u00bb always_center_on_mobile=\u00bbon\u00bb][\/et_pb_image][et_pb_text _builder_version=\u00bb3.27.4&#8243; background_layout=\u00bbdark\u00bb module_alignment=\u00bbleft\u00bb custom_margin=\u00bb20px||15px|\u00bb border_style=\u00bbsolid\u00bb]<\/p>\n<h2 style=\"text-align: center;\"><a href=\"http:\/\/psicologiacolmenar.es\/psicologo\/centros-especiales-de-empleo-planes-de-ajuste-intervencion-empleo-social-externalizacion-de-servicios\/\">Centros especiales de empleo<\/a><\/h2>\n<p>[\/et_pb_text][\/et_pb_column][et_pb_column type=\u00bb1_4&#8243; _builder_version=\u00bb3.25&#8243; background_position=\u00bbtop_left\u00bb custom_padding=\u00bb|||\u00bb custom_padding__hover=\u00bb|||\u00bb][\/et_pb_column][\/et_pb_row][\/et_pb_section]<\/p>\n","protected":false},"excerpt":{"rendered":"<p>Residencias de mayores Centros especiales de empleo<\/p>\n","protected":false},"author":2,"featured_media":0,"parent":0,"menu_order":0,"comment_status":"closed","ping_status":"closed","template":"","meta":{"_et_pb_use_builder":"on","_et_pb_old_content":"<p><strong><u>PESTA\u00d1A CENTROS ESPECIALES DE EMPLEO<\/u><\/strong><\/p><p><strong><u>\u00a0<\/u><\/strong><\/p><p>Somos titulados universitarios en Integraci\u00f3n Socio laboral de Personas con Discapacidad.<\/p><p>Amplia experiencia como t\u00e9cnico de grado superior de las Unidades de Apoyo para Trabajadores Discapacitados, elaborando los Planes de Ajuste Personal y Social.<\/p><p>Realizamos los Planes de Ajuste de Personal y Social para Centros Especiales de Empleo.<\/p><p>Realizaci\u00f3n de la intervenci\u00f3n dentro del CEE: terap\u00e9utica individual, terap\u00e9utica grupal, desarrollo personal y social (cursos y talleres de formaci\u00f3n), cultura y deporte (ocio terap\u00e9utico), y elaboraci\u00f3n de memoria global de SAPS.<\/p>","_et_gb_content_width":"","footnotes":""},"class_list":["post-55","page","type-page","status-publish","hentry"],"yoast_head":"<!-- This site is optimized with the Yoast SEO Premium plugin v19.2.1 (Yoast SEO v27.6) - https:\/\/yoast.com\/product\/yoast-seo-premium-wordpress\/ -->\n<title>Psic\u00f3logo para servicios psicolog\u00eda especializados Colmenar viejo - Psicologos en Colmenar Viejo Madrid<\/title>\n<meta name=\"robots\" content=\"index, follow, max-snippet:-1, max-image-preview:large, max-video-preview:-1\" \/>\n<link rel=\"canonical\" href=\"https:\/\/www.psicologiacolmenar.es\/psicologo\/psicologo-para-servicios-psicologia-especializados-colmenar-viejo\/\" \/>\n<meta property=\"og:locale\" content=\"es_ES\" \/>\n<meta property=\"og:type\" content=\"article\" \/>\n<meta property=\"og:title\" content=\"Psic\u00f3logo para servicios psicolog\u00eda especializados Colmenar viejo\" \/>\n<meta property=\"og:url\" content=\"https:\/\/www.psicologiacolmenar.es\/psicologo\/psicologo-para-servicios-psicologia-especializados-colmenar-viejo\/\" \/>\n<meta property=\"og:site_name\" content=\"Psicologos en Colmenar Viejo Madrid\" \/>\n<meta property=\"article:publisher\" content=\"https:\/\/www.facebook.com\/psicologocolmenar\/\" \/>\n<meta property=\"article:modified_time\" content=\"2021-04-05T09:46:37+00:00\" \/>\n<meta name=\"twitter:card\" content=\"summary_large_image\" \/>\n<meta name=\"twitter:site\" content=\"@jmsanmartinps1\" \/>\n<meta name=\"twitter:label1\" content=\"Tiempo de lectura\" \/>\n\t<meta name=\"twitter:data1\" content=\"3 minutos\" \/>\n<script type=\"application\/ld+json\" class=\"yoast-schema-graph\">{\"@context\":\"https:\\\/\\\/schema.org\",\"@graph\":[{\"@type\":\"WebPage\",\"@id\":\"https:\\\/\\\/www.psicologiacolmenar.es\\\/psicologo\\\/psicologo-para-servicios-psicologia-especializados-colmenar-viejo\\\/\",\"url\":\"https:\\\/\\\/www.psicologiacolmenar.es\\\/psicologo\\\/psicologo-para-servicios-psicologia-especializados-colmenar-viejo\\\/\",\"name\":\"Psic\u00f3logo para servicios psicolog\u00eda especializados Colmenar viejo - Psicologos en Colmenar Viejo Madrid\",\"isPartOf\":{\"@id\":\"https:\\\/\\\/www.psicologiacolmenar.es\\\/psicologo\\\/#website\"},\"datePublished\":\"2017-07-24T09:11:36+00:00\",\"dateModified\":\"2021-04-05T09:46:37+00:00\",\"breadcrumb\":{\"@id\":\"https:\\\/\\\/www.psicologiacolmenar.es\\\/psicologo\\\/psicologo-para-servicios-psicologia-especializados-colmenar-viejo\\\/#breadcrumb\"},\"inLanguage\":\"es\",\"potentialAction\":[{\"@type\":\"ReadAction\",\"target\":[\"https:\\\/\\\/www.psicologiacolmenar.es\\\/psicologo\\\/psicologo-para-servicios-psicologia-especializados-colmenar-viejo\\\/\"]}]},{\"@type\":\"BreadcrumbList\",\"@id\":\"https:\\\/\\\/www.psicologiacolmenar.es\\\/psicologo\\\/psicologo-para-servicios-psicologia-especializados-colmenar-viejo\\\/#breadcrumb\",\"itemListElement\":[{\"@type\":\"ListItem\",\"position\":1,\"name\":\"Portada\",\"item\":\"https:\\\/\\\/www.psicologiacolmenar.es\\\/psicologo\\\/\"},{\"@type\":\"ListItem\",\"position\":2,\"name\":\"Psic\u00f3logo para servicios psicolog\u00eda especializados Colmenar viejo\"}]},{\"@type\":\"WebSite\",\"@id\":\"https:\\\/\\\/www.psicologiacolmenar.es\\\/psicologo\\\/#website\",\"url\":\"https:\\\/\\\/www.psicologiacolmenar.es\\\/psicologo\\\/\",\"name\":\"Psicologos en Colmenar Viejo Madrid\",\"description\":\"Gabinete de psicologos y Centro de psicolog\u00eda en Colmenar Viejo\",\"potentialAction\":[{\"@type\":\"SearchAction\",\"target\":{\"@type\":\"EntryPoint\",\"urlTemplate\":\"https:\\\/\\\/www.psicologiacolmenar.es\\\/psicologo\\\/?s={search_term_string}\"},\"query-input\":{\"@type\":\"PropertyValueSpecification\",\"valueRequired\":true,\"valueName\":\"search_term_string\"}}],\"inLanguage\":\"es\"}]}<\/script>\n<!-- \/ Yoast SEO Premium plugin. -->","yoast_head_json":{"title":"Psic\u00f3logo para servicios psicolog\u00eda especializados Colmenar viejo - Psicologos en Colmenar Viejo Madrid","robots":{"index":"index","follow":"follow","max-snippet":"max-snippet:-1","max-image-preview":"max-image-preview:large","max-video-preview":"max-video-preview:-1"},"canonical":"https:\/\/www.psicologiacolmenar.es\/psicologo\/psicologo-para-servicios-psicologia-especializados-colmenar-viejo\/","og_locale":"es_ES","og_type":"article","og_title":"Psic\u00f3logo para servicios psicolog\u00eda especializados Colmenar viejo","og_url":"https:\/\/www.psicologiacolmenar.es\/psicologo\/psicologo-para-servicios-psicologia-especializados-colmenar-viejo\/","og_site_name":"Psicologos en Colmenar Viejo Madrid","article_publisher":"https:\/\/www.facebook.com\/psicologocolmenar\/","article_modified_time":"2021-04-05T09:46:37+00:00","twitter_card":"summary_large_image","twitter_site":"@jmsanmartinps1","twitter_misc":{"Tiempo de lectura":"3 minutos"},"schema":{"@context":"https:\/\/schema.org","@graph":[{"@type":"WebPage","@id":"https:\/\/www.psicologiacolmenar.es\/psicologo\/psicologo-para-servicios-psicologia-especializados-colmenar-viejo\/","url":"https:\/\/www.psicologiacolmenar.es\/psicologo\/psicologo-para-servicios-psicologia-especializados-colmenar-viejo\/","name":"Psic\u00f3logo para servicios psicolog\u00eda especializados Colmenar viejo - Psicologos en Colmenar Viejo Madrid","isPartOf":{"@id":"https:\/\/www.psicologiacolmenar.es\/psicologo\/#website"},"datePublished":"2017-07-24T09:11:36+00:00","dateModified":"2021-04-05T09:46:37+00:00","breadcrumb":{"@id":"https:\/\/www.psicologiacolmenar.es\/psicologo\/psicologo-para-servicios-psicologia-especializados-colmenar-viejo\/#breadcrumb"},"inLanguage":"es","potentialAction":[{"@type":"ReadAction","target":["https:\/\/www.psicologiacolmenar.es\/psicologo\/psicologo-para-servicios-psicologia-especializados-colmenar-viejo\/"]}]},{"@type":"BreadcrumbList","@id":"https:\/\/www.psicologiacolmenar.es\/psicologo\/psicologo-para-servicios-psicologia-especializados-colmenar-viejo\/#breadcrumb","itemListElement":[{"@type":"ListItem","position":1,"name":"Portada","item":"https:\/\/www.psicologiacolmenar.es\/psicologo\/"},{"@type":"ListItem","position":2,"name":"Psic\u00f3logo para servicios psicolog\u00eda especializados Colmenar viejo"}]},{"@type":"WebSite","@id":"https:\/\/www.psicologiacolmenar.es\/psicologo\/#website","url":"https:\/\/www.psicologiacolmenar.es\/psicologo\/","name":"Psicologos en Colmenar Viejo Madrid","description":"Gabinete de psicologos y Centro de psicolog\u00eda en Colmenar Viejo","potentialAction":[{"@type":"SearchAction","target":{"@type":"EntryPoint","urlTemplate":"https:\/\/www.psicologiacolmenar.es\/psicologo\/?s={search_term_string}"},"query-input":{"@type":"PropertyValueSpecification","valueRequired":true,"valueName":"search_term_string"}}],"inLanguage":"es"}]}},"_links":{"self":[{"href":"https:\/\/www.psicologiacolmenar.es\/psicologo\/wp-json\/wp\/v2\/pages\/55","targetHints":{"allow":["GET"]}}],"collection":[{"href":"https:\/\/www.psicologiacolmenar.es\/psicologo\/wp-json\/wp\/v2\/pages"}],"about":[{"href":"https:\/\/www.psicologiacolmenar.es\/psicologo\/wp-json\/wp\/v2\/types\/page"}],"author":[{"embeddable":true,"href":"https:\/\/www.psicologiacolmenar.es\/psicologo\/wp-json\/wp\/v2\/users\/2"}],"replies":[{"embeddable":true,"href":"https:\/\/www.psicologiacolmenar.es\/psicologo\/wp-json\/wp\/v2\/comments?post=55"}],"version-history":[{"count":5,"href":"https:\/\/www.psicologiacolmenar.es\/psicologo\/wp-json\/wp\/v2\/pages\/55\/revisions"}],"predecessor-version":[{"id":1292,"href":"https:\/\/www.psicologiacolmenar.es\/psicologo\/wp-json\/wp\/v2\/pages\/55\/revisions\/1292"}],"wp:attachment":[{"href":"https:\/\/www.psicologiacolmenar.es\/psicologo\/wp-json\/wp\/v2\/media?parent=55"}],"curies":[{"name":"wp","href":"https:\/\/api.w.org\/{rel}","templated":true}]}}