{"id":61,"date":"2017-07-24T09:16:41","date_gmt":"2017-07-24T09:16:41","guid":{"rendered":"http:\/\/psicologiacolmenar.es\/psicologo\/?page_id=61"},"modified":"2018-11-19T18:34:14","modified_gmt":"2018-11-19T18:34:14","slug":"terapia-infantil-colmenar-viejo","status":"publish","type":"page","link":"https:\/\/www.psicologiacolmenar.es\/psicologo\/terapias\/terapia-infantil-colmenar-viejo\/","title":{"rendered":"Terapia Infanto-Juvenil"},"content":{"rendered":"<p>[et_pb_section fb_built=\u00bb1&#8243; fullwidth=\u00bbon\u00bb _builder_version=\u00bb3.0.47&#8243;][et_pb_fullwidth_header title=\u00bbPSICOLOGIA INFANTO JUVENIL\u00bb background_overlay_color=\u00bbrgba(37,91,125,0.2)\u00bb _builder_version=\u00bb3.2&#8243; background_color=\u00bbrgba(255, 255, 255, 0)\u00bb background_image=\u00bbhttps:\/\/psicologiacolmenar.es\/psicologo\/wp-content\/uploads\/2017\/07\/ninos-y-jovenes-terapia-psicologos.jpg\u00bb][\/et_pb_fullwidth_header][\/et_pb_section][et_pb_section fb_built=\u00bb1&#8243; _builder_version=\u00bb3.0.47&#8243;][et_pb_row _builder_version=\u00bb3.0.47&#8243; background_size=\u00bbinitial\u00bb background_position=\u00bbtop_left\u00bb background_repeat=\u00bbrepeat\u00bb][et_pb_column type=\u00bb1_3&#8243; _builder_version=\u00bb3.0.47&#8243; parallax=\u00bboff\u00bb parallax_method=\u00bbon\u00bb][et_pb_image src=\u00bbhttps:\/\/psicologiacolmenar.es\/psicologo\/wp-content\/uploads\/2017\/07\/ninos-y-jovenes-psicologia-colmenar-viejo.jpg\u00bb align=\u00bbcenter\u00bb _builder_version=\u00bb3.0.64&#8243; animation_style=\u00bbslide\u00bb animation_direction=\u00bbleft\u00bb animation_duration=\u00bb500ms\u00bb animation_intensity_slide=\u00bb10%\u00bb custom_css_main_element=\u00bb-webkit-clip-path: polygon(100% 0, 100% 94%, 15% 100%, 0 94%, 0 0);||clip-path: polygon(100% 0, 100% 94%, 15% 100%, 0 94%, 0 0);\u00bb border_style=\u00bbsolid\u00bb sticky=\u00bboff\u00bb][\/et_pb_image][\/et_pb_column][et_pb_column type=\u00bb2_3&#8243; _builder_version=\u00bb3.0.47&#8243; parallax=\u00bboff\u00bb parallax_method=\u00bbon\u00bb][et_pb_text _builder_version=\u00bb3.2.1&#8243; border_style=\u00bbsolid\u00bb]<\/p>\n<p style=\"text-align: justify;\">La terapia infantil y juvenil de\u00a0<strong>Avanza Gabinete de Psicolog\u00eda<\/strong> da respuesta a los diferentes problemas que pueden surgir en el proceso educativo de ni\u00f1os, adolescentes y j\u00f3venes.<\/p>\n<p style=\"text-align: justify;\">Nuestra Terapia Infantil en Colmenar Viejo parte de la informaci\u00f3n facilitada por los padres, se realiza una evaluaci\u00f3n exhaustiva para un adecuado diagn\u00f3stico de la problem\u00e1tica.<\/p>\n<p style=\"text-align: justify;\">Terminado el proceso de evaluaci\u00f3n, se mantiene una sesi\u00f3n con los padres para exponerles las conclusiones a las que se ha llegado. Se les propone unas pautas a seguir, sesiones terap\u00e9uticas o un programa de entrenamiento.<\/p>\n<p style=\"text-align: justify;\">La\u00a0intervenci\u00f3n\u00a0consiste, a partir de la evaluaci\u00f3n realizada, en establecer el tratamiento m\u00e1s adecuado para modificar las variables en funci\u00f3n de los objetivos marcados tras el diagn\u00f3stico realizado.<\/p>\n<p style=\"text-align: justify;\">Cuando se est\u00e1n llevando a cabo sesiones terap\u00e9uticas o de entrenamiento con los ni\u00f1os y adolescentes, los padres son informados peri\u00f3dicamente de los aspectos que se est\u00e1n trabajando y de su evoluci\u00f3n.<\/p>\n<p style=\"text-align: justify;\">Si las circunstancias lo aconsejaran, y siempre de acuerdo con los padres, podemos ponernos en contacto con el colegio.<\/p>\n<p style=\"text-align: justify;\">PROBLEMAS A TRATAR: problemas de comportamiento, dificultades escolares (d\u00e9ficit de atenci\u00f3n, hiperactividad, acoso o rechazo escolar), problemas emocionales, problemas en las relaciones sociales, miedos, fobias, problemas de la alimentaci\u00f3n, etc.<\/p>\n<p>[\/et_pb_text][\/et_pb_column][\/et_pb_row][\/et_pb_section]<\/p>\n","protected":false},"excerpt":{"rendered":"<p>La terapia infantil y juvenil de\u00a0Avanza Gabinete de Psicolog\u00eda da respuesta a los diferentes problemas que pueden surgir en el proceso educativo de ni\u00f1os, adolescentes y j\u00f3venes. Nuestra Terapia Infantil en Colmenar Viejo parte de la informaci\u00f3n facilitada por los padres, se realiza una evaluaci\u00f3n exhaustiva para un adecuado diagn\u00f3stico de la problem\u00e1tica. Terminado el [&hellip;]<\/p>\n","protected":false},"author":2,"featured_media":0,"parent":59,"menu_order":0,"comment_status":"closed","ping_status":"closed","template":"","meta":{"_et_pb_use_builder":"on","_et_pb_old_content":"<p><strong>PSICOLOGIA INFANTO JUVENIL<\/strong><\/p><p>En <strong>Avanza Gabinete de Psicolog\u00eda<\/strong> damos respuesta a los diferentes problemas que pueden surgir en el proceso educativo de ni\u00f1os, adolescentes y j\u00f3venes.<\/p><p>Partiendo de la informaci\u00f3n facilitada por los padres, se realiza una evaluaci\u00f3n exhaustiva para un adecuado diagn\u00f3stico de la problem\u00e1tica.<\/p><p>Terminado el proceso de evaluaci\u00f3n, se mantiene una sesi\u00f3n con los padres para exponerles las conclusiones a las que se ha llegado. Se les propone unas pautas a seguir, sesiones terap\u00e9uticas o un programa de entrenamiento.<\/p><p>La\u00a0intervenci\u00f3n\u00a0consiste, a partir de la evaluaci\u00f3n realizada, en establecer el tratamiento m\u00e1s adecuado para modificar las variables en funci\u00f3n de los objetivos marcados tras el diagn\u00f3stico realizado.<\/p><p>Cuando se est\u00e1n llevando a cabo sesiones terap\u00e9uticas o de entrenamiento con los ni\u00f1os y adolescentes, los padres son informados peri\u00f3dicamente de los aspectos que se est\u00e1n trabajando y de su evoluci\u00f3n.<\/p><p>Si las circunstancias lo aconsejaran, y siempre de acuerdo con los padres, podemos ponernos en contacto con el colegio.<\/p><p>PROBLEMAS A TRATAR: problemas de comportamiento, dificultades escolares (d\u00e9ficit de atenci\u00f3n, hiperactividad, acoso o rechazo escolar), problemas emocionales, problemas en las relaciones sociales, miedos, fobias, problemas de la alimentaci\u00f3n, etc.<\/p>","_et_gb_content_width":"","footnotes":""},"class_list":["post-61","page","type-page","status-publish","hentry"],"yoast_head":"<!-- This site is optimized with the Yoast SEO Premium plugin v19.2.1 (Yoast SEO v27.3) - https:\/\/yoast.com\/product\/yoast-seo-premium-wordpress\/ -->\n<title>Avanza Gabinete de Psicolog\u00eda - Terapia Infantil en Colmenar Viejo<\/title>\n<meta name=\"description\" content=\"La terapia infantil de Avanza Gabinete de Psicolog\u00eda da respuesta a los problemas que pueden surgir en el proceso educativo de ni\u00f1os, adolescentes y j\u00f3venes\" \/>\n<meta name=\"robots\" content=\"index, follow, max-snippet:-1, max-image-preview:large, max-video-preview:-1\" \/>\n<link rel=\"canonical\" href=\"https:\/\/www.psicologiacolmenar.es\/psicologo\/terapias\/terapia-infantil-colmenar-viejo\/\" \/>\n<meta property=\"og:locale\" content=\"es_ES\" \/>\n<meta property=\"og:type\" content=\"article\" \/>\n<meta property=\"og:title\" content=\"Terapia Infanto-Juvenil\" \/>\n<meta property=\"og:url\" content=\"https:\/\/www.psicologiacolmenar.es\/psicologo\/terapias\/terapia-infantil-colmenar-viejo\/\" \/>\n<meta property=\"og:site_name\" content=\"Psicologos en Colmenar Viejo Madrid\" \/>\n<meta property=\"article:publisher\" content=\"https:\/\/www.facebook.com\/psicologocolmenar\/\" \/>\n<meta property=\"article:modified_time\" content=\"2018-11-19T18:34:14+00:00\" \/>\n<meta name=\"twitter:card\" content=\"summary_large_image\" \/>\n<meta name=\"twitter:site\" content=\"@jmsanmartinps1\" \/>\n<meta name=\"twitter:label1\" content=\"Tiempo de lectura\" \/>\n\t<meta name=\"twitter:data1\" content=\"2 minutos\" \/>\n<script type=\"application\/ld+json\" class=\"yoast-schema-graph\">{\"@context\":\"https:\\\/\\\/schema.org\",\"@graph\":[{\"@type\":\"WebPage\",\"@id\":\"https:\\\/\\\/www.psicologiacolmenar.es\\\/psicologo\\\/terapias\\\/terapia-infantil-colmenar-viejo\\\/\",\"url\":\"https:\\\/\\\/www.psicologiacolmenar.es\\\/psicologo\\\/terapias\\\/terapia-infantil-colmenar-viejo\\\/\",\"name\":\"Avanza Gabinete de Psicolog\u00eda - Terapia Infantil en Colmenar Viejo\",\"isPartOf\":{\"@id\":\"https:\\\/\\\/www.psicologiacolmenar.es\\\/psicologo\\\/#website\"},\"datePublished\":\"2017-07-24T09:16:41+00:00\",\"dateModified\":\"2018-11-19T18:34:14+00:00\",\"description\":\"La terapia infantil de Avanza Gabinete de Psicolog\u00eda da respuesta a los problemas que pueden surgir en el proceso educativo de ni\u00f1os, adolescentes y j\u00f3venes\",\"breadcrumb\":{\"@id\":\"https:\\\/\\\/www.psicologiacolmenar.es\\\/psicologo\\\/terapias\\\/terapia-infantil-colmenar-viejo\\\/#breadcrumb\"},\"inLanguage\":\"es\",\"potentialAction\":[{\"@type\":\"ReadAction\",\"target\":[\"https:\\\/\\\/www.psicologiacolmenar.es\\\/psicologo\\\/terapias\\\/terapia-infantil-colmenar-viejo\\\/\"]}]},{\"@type\":\"BreadcrumbList\",\"@id\":\"https:\\\/\\\/www.psicologiacolmenar.es\\\/psicologo\\\/terapias\\\/terapia-infantil-colmenar-viejo\\\/#breadcrumb\",\"itemListElement\":[{\"@type\":\"ListItem\",\"position\":1,\"name\":\"Portada\",\"item\":\"https:\\\/\\\/www.psicologiacolmenar.es\\\/psicologo\\\/\"},{\"@type\":\"ListItem\",\"position\":2,\"name\":\"Terapias\",\"item\":\"https:\\\/\\\/www.psicologiacolmenar.es\\\/psicologo\\\/terapias\\\/\"},{\"@type\":\"ListItem\",\"position\":3,\"name\":\"Terapia Infanto-Juvenil\"}]},{\"@type\":\"WebSite\",\"@id\":\"https:\\\/\\\/www.psicologiacolmenar.es\\\/psicologo\\\/#website\",\"url\":\"https:\\\/\\\/www.psicologiacolmenar.es\\\/psicologo\\\/\",\"name\":\"Psicologos en Colmenar Viejo Madrid\",\"description\":\"Gabinete de psicologos y Centro de psicolog\u00eda en Colmenar Viejo\",\"potentialAction\":[{\"@type\":\"SearchAction\",\"target\":{\"@type\":\"EntryPoint\",\"urlTemplate\":\"https:\\\/\\\/www.psicologiacolmenar.es\\\/psicologo\\\/?s={search_term_string}\"},\"query-input\":{\"@type\":\"PropertyValueSpecification\",\"valueRequired\":true,\"valueName\":\"search_term_string\"}}],\"inLanguage\":\"es\"}]}<\/script>\n<!-- \/ Yoast SEO Premium plugin. -->","yoast_head_json":{"title":"Avanza Gabinete de Psicolog\u00eda - Terapia Infantil en Colmenar Viejo","description":"La terapia infantil de Avanza Gabinete de Psicolog\u00eda da respuesta a los problemas que pueden surgir en el proceso educativo de ni\u00f1os, adolescentes y j\u00f3venes","robots":{"index":"index","follow":"follow","max-snippet":"max-snippet:-1","max-image-preview":"max-image-preview:large","max-video-preview":"max-video-preview:-1"},"canonical":"https:\/\/www.psicologiacolmenar.es\/psicologo\/terapias\/terapia-infantil-colmenar-viejo\/","og_locale":"es_ES","og_type":"article","og_title":"Terapia Infanto-Juvenil","og_url":"https:\/\/www.psicologiacolmenar.es\/psicologo\/terapias\/terapia-infantil-colmenar-viejo\/","og_site_name":"Psicologos en Colmenar Viejo Madrid","article_publisher":"https:\/\/www.facebook.com\/psicologocolmenar\/","article_modified_time":"2018-11-19T18:34:14+00:00","twitter_card":"summary_large_image","twitter_site":"@jmsanmartinps1","twitter_misc":{"Tiempo de lectura":"2 minutos"},"schema":{"@context":"https:\/\/schema.org","@graph":[{"@type":"WebPage","@id":"https:\/\/www.psicologiacolmenar.es\/psicologo\/terapias\/terapia-infantil-colmenar-viejo\/","url":"https:\/\/www.psicologiacolmenar.es\/psicologo\/terapias\/terapia-infantil-colmenar-viejo\/","name":"Avanza Gabinete de Psicolog\u00eda - Terapia Infantil en Colmenar Viejo","isPartOf":{"@id":"https:\/\/www.psicologiacolmenar.es\/psicologo\/#website"},"datePublished":"2017-07-24T09:16:41+00:00","dateModified":"2018-11-19T18:34:14+00:00","description":"La terapia infantil de Avanza Gabinete de Psicolog\u00eda da respuesta a los problemas que pueden surgir en el proceso educativo de ni\u00f1os, adolescentes y j\u00f3venes","breadcrumb":{"@id":"https:\/\/www.psicologiacolmenar.es\/psicologo\/terapias\/terapia-infantil-colmenar-viejo\/#breadcrumb"},"inLanguage":"es","potentialAction":[{"@type":"ReadAction","target":["https:\/\/www.psicologiacolmenar.es\/psicologo\/terapias\/terapia-infantil-colmenar-viejo\/"]}]},{"@type":"BreadcrumbList","@id":"https:\/\/www.psicologiacolmenar.es\/psicologo\/terapias\/terapia-infantil-colmenar-viejo\/#breadcrumb","itemListElement":[{"@type":"ListItem","position":1,"name":"Portada","item":"https:\/\/www.psicologiacolmenar.es\/psicologo\/"},{"@type":"ListItem","position":2,"name":"Terapias","item":"https:\/\/www.psicologiacolmenar.es\/psicologo\/terapias\/"},{"@type":"ListItem","position":3,"name":"Terapia Infanto-Juvenil"}]},{"@type":"WebSite","@id":"https:\/\/www.psicologiacolmenar.es\/psicologo\/#website","url":"https:\/\/www.psicologiacolmenar.es\/psicologo\/","name":"Psicologos en Colmenar Viejo Madrid","description":"Gabinete de psicologos y Centro de psicolog\u00eda en Colmenar Viejo","potentialAction":[{"@type":"SearchAction","target":{"@type":"EntryPoint","urlTemplate":"https:\/\/www.psicologiacolmenar.es\/psicologo\/?s={search_term_string}"},"query-input":{"@type":"PropertyValueSpecification","valueRequired":true,"valueName":"search_term_string"}}],"inLanguage":"es"}]}},"_links":{"self":[{"href":"https:\/\/www.psicologiacolmenar.es\/psicologo\/wp-json\/wp\/v2\/pages\/61","targetHints":{"allow":["GET"]}}],"collection":[{"href":"https:\/\/www.psicologiacolmenar.es\/psicologo\/wp-json\/wp\/v2\/pages"}],"about":[{"href":"https:\/\/www.psicologiacolmenar.es\/psicologo\/wp-json\/wp\/v2\/types\/page"}],"author":[{"embeddable":true,"href":"https:\/\/www.psicologiacolmenar.es\/psicologo\/wp-json\/wp\/v2\/users\/2"}],"replies":[{"embeddable":true,"href":"https:\/\/www.psicologiacolmenar.es\/psicologo\/wp-json\/wp\/v2\/comments?post=61"}],"version-history":[{"count":5,"href":"https:\/\/www.psicologiacolmenar.es\/psicologo\/wp-json\/wp\/v2\/pages\/61\/revisions"}],"predecessor-version":[{"id":1076,"href":"https:\/\/www.psicologiacolmenar.es\/psicologo\/wp-json\/wp\/v2\/pages\/61\/revisions\/1076"}],"up":[{"embeddable":true,"href":"https:\/\/www.psicologiacolmenar.es\/psicologo\/wp-json\/wp\/v2\/pages\/59"}],"wp:attachment":[{"href":"https:\/\/www.psicologiacolmenar.es\/psicologo\/wp-json\/wp\/v2\/media?parent=61"}],"curies":[{"name":"wp","href":"https:\/\/api.w.org\/{rel}","templated":true}]}}