{"id":68,"date":"2017-07-24T10:06:33","date_gmt":"2017-07-24T10:06:33","guid":{"rendered":"http:\/\/psicologiacolmenar.es\/psicologo\/?page_id=68"},"modified":"2021-02-26T12:54:46","modified_gmt":"2021-02-26T12:54:46","slug":"terapias-de-pareja","status":"publish","type":"page","link":"https:\/\/www.psicologiacolmenar.es\/psicologo\/terapias\/terapias-de-pareja\/","title":{"rendered":"Psicologo para terapia de pareja en Colmenar viejo terapias de parejas en centro psicologia gabinete psicologos"},"content":{"rendered":"<p>[et_pb_section fb_built=\u00bb1&#8243; fullwidth=\u00bbon\u00bb _builder_version=\u00bb3.22&#8243;][et_pb_fullwidth_header title=\u00bbTERAPIAS DE PAREJA\u00bb background_overlay_color=\u00bbrgba(37,91,125,0.2)\u00bb _builder_version=\u00bb3.16&#8243; background_color=\u00bbrgba(255, 255, 255, 0)\u00bb background_image=\u00bbhttps:\/\/psicologiacolmenar.es\/psicologo\/wp-content\/uploads\/2017\/07\/terapias-de-pareja-psicologos-en-madrid.jpg\u00bb button_one_text_size__hover_enabled=\u00bboff\u00bb button_two_text_size__hover_enabled=\u00bboff\u00bb button_one_text_color__hover_enabled=\u00bboff\u00bb button_two_text_color__hover_enabled=\u00bboff\u00bb button_one_border_width__hover_enabled=\u00bboff\u00bb button_two_border_width__hover_enabled=\u00bboff\u00bb button_one_border_color__hover_enabled=\u00bboff\u00bb button_two_border_color__hover_enabled=\u00bboff\u00bb button_one_border_radius__hover_enabled=\u00bboff\u00bb button_two_border_radius__hover_enabled=\u00bboff\u00bb button_one_letter_spacing__hover_enabled=\u00bboff\u00bb button_two_letter_spacing__hover_enabled=\u00bboff\u00bb button_one_bg_color__hover_enabled=\u00bboff\u00bb button_two_bg_color__hover_enabled=\u00bboff\u00bb][\/et_pb_fullwidth_header][\/et_pb_section][et_pb_section fb_built=\u00bb1&#8243; _builder_version=\u00bb4.2.2&#8243; custom_margin=\u00bb||0px||false|false\u00bb custom_padding=\u00bb||0px|||\u00bb][et_pb_row column_structure=\u00bb1_3,2_3&#8243; _builder_version=\u00bb4.2.2&#8243; background_size=\u00bbinitial\u00bb background_position=\u00bbtop_left\u00bb background_repeat=\u00bbrepeat\u00bb custom_margin=\u00bb0px||0px||false|false\u00bb hover_enabled=\u00bb0&#8243;][et_pb_column type=\u00bb1_3&#8243; _builder_version=\u00bb3.25&#8243; custom_padding=\u00bb|||\u00bb custom_padding__hover=\u00bb|||\u00bb][et_pb_image src=\u00bbhttps:\/\/www.psicologiacolmenar.es\/psicologo\/wp-content\/uploads\/2017\/07\/psicologia-de-pareja-colmenar-viejo.jpg\u00bb align=\u00bbcenter\u00bb align_tablet=\u00bbcenter\u00bb align_phone=\u00bb\u00bb align_last_edited=\u00bbon|desktop\u00bb _builder_version=\u00bb4.2.2&#8243; animation_style=\u00bbslide\u00bb animation_direction=\u00bbleft\u00bb animation_duration=\u00bb500ms\u00bb animation_intensity_slide=\u00bb10%\u00bb custom_css_main_element=\u00bb-webkit-clip-path: polygon(100% 0, 100% 94%, 15% 100%, 0 94%, 0 0);||clip-path: polygon(100% 0, 100% 94%, 15% 100%, 0 94%, 0 0);\u00bb sticky=\u00bboff\u00bb border_style=\u00bbsolid\u00bb][\/et_pb_image][\/et_pb_column][et_pb_column type=\u00bb2_3&#8243; _builder_version=\u00bb3.25&#8243; custom_padding=\u00bb|||\u00bb custom_padding__hover=\u00bb|||\u00bb][et_pb_text _builder_version=\u00bb4.2.2&#8243; hover_enabled=\u00bb0&#8243; border_style=\u00bbsolid\u00bb]<\/p>\n<h2>\u00bfCu\u00e1ndo son necesarias las Terapias de Pareja?<\/h2>\n<p style=\"text-align: justify;\">En las\u00a0<strong>Terapias de Pareja de Avanza Gabinete de Psicolog\u00eda<\/strong> se trabaja para mejorar y eliminar la conflictividad.<\/p>\n<p style=\"text-align: justify;\">As\u00ed nos aseguramos que ambos miembros de la pareja generan cambios positivos hacia el otro y hacia s\u00ed mismos.<\/p>\n<h2 style=\"text-align: justify;\">\u00bfEn qu\u00e9 consiste nuestras Terapias de Pareja?<\/h2>\n<p style=\"text-align: justify;\">Nuestra <strong>terapia de pareja en Colmenar Viejo<\/strong> consiste en dialogar, construir, reformular, avanzar, mantener o romper una relaci\u00f3n de pareja.<\/p>\n<p style=\"text-align: justify;\">Son situaciones complejas que en muchas ocasiones requieren del acompa\u00f1amiento, asesoramiento, an\u00e1lisis e intervenci\u00f3n de un profesional<\/p>\n<p style=\"text-align: justify;\">El psic\u00f3logo, entre otros aspectos, nos ayudar\u00e1 a reducir el malestar, la incomprensi\u00f3n o la dependencia generada a lo largo de la relaci\u00f3n.<\/p>\n<p>[\/et_pb_text][\/et_pb_column][\/et_pb_row][\/et_pb_section][et_pb_section fb_built=\u00bb1&#8243; _builder_version=\u00bb4.2.2&#8243; custom_margin=\u00bb0px||||false|false\u00bb custom_padding=\u00bb0px||||false|false\u00bb][et_pb_row _builder_version=\u00bb4.2.2&#8243; custom_margin=\u00bb0px||||false|false\u00bb hover_enabled=\u00bb0&#8243;][et_pb_column type=\u00bb4_4&#8243; _builder_version=\u00bb4.2.2&#8243;][et_pb_text _builder_version=\u00bb4.2.2&#8243; hover_enabled=\u00bb0&#8243;]<\/p>\n<p style=\"text-align: justify;\">Las terapias de pareja son una forma de solucionar conflictos e inseguridades que impiden el bienestar de la pareja.<\/p>\n<p style=\"text-align: justify;\">Principalmente se incide en mejorar la comunicaci\u00f3n, mucho de los problemas de pareja tiene su origen en la mala comunicaci\u00f3n.\u00a0<span style=\"font-size: 16px;\">Tambi\u00e9n nos ayuda a superar crisis puntuales que podr\u00edan ir a m\u00e1s.\u00a0<\/span><\/p>\n<p style=\"text-align: justify;\">Nos permite superar problemas en las relaciones \u00edntimas ya que estas tienen un papel muy importante en la unidad y estabilidad de la pareja.<\/p>\n<p style=\"text-align: justify;\">El afianzar planes futuros, evitar el distanciamiento y aumentar la satisfacci\u00f3n\u00a0 y la felicidad, as\u00ed como superar una infidelidad, son tambi\u00e9n importantes aspectos que la terapia de pareja nos puede ayudar a solucionar.<\/p>\n<h2>Otras terapias en Colmenar Viejo<\/h2>\n<p>Si adem\u00e1s te gustar\u00eda comenzar nuestra <a href=\"\/psicologos\/terapias\/terapia-para-adultos-colmenar\/\">terapia para adultos<\/a> o nuestra <a href=\"https:\/\/psicologiacolmenar.es\/psicologo\/psicologo-para-especialista-en-casos-psicologia-de\/psicologo-para-familia-psicologos-de-familia-en-colmenar-viejo-psicologia-familiar-en-colmenar\/\">terapia para familias en colmenar viejo<\/a>, no dudes en ponerte en <a href=\"https:\/\/psicologiacolmenar.es\/psicologo\/localizacion-contacto-gabinete-de-psicologia-centro-de-psicologo-en-colmenar-viejo\/\">contacto con nosotros.<\/a><\/p>\n<p>[\/et_pb_text][\/et_pb_column][\/et_pb_row][\/et_pb_section][et_pb_section fb_built=\u00bb1&#8243; _builder_version=\u00bb4.2.2&#8243;][\/et_pb_section]<\/p>\n","protected":false},"excerpt":{"rendered":"<p>\u00bfCu\u00e1ndo son necesarias las Terapias de Pareja? En las\u00a0Terapias de Pareja de Avanza Gabinete de Psicolog\u00eda se trabaja para mejorar y eliminar la conflictividad. As\u00ed nos aseguramos que ambos miembros de la pareja generan cambios positivos hacia el otro y hacia s\u00ed mismos. \u00bfEn qu\u00e9 consiste nuestras Terapias de Pareja? Nuestra terapia de pareja en [&hellip;]<\/p>\n","protected":false},"author":2,"featured_media":0,"parent":59,"menu_order":0,"comment_status":"closed","ping_status":"closed","template":"","meta":{"_et_pb_use_builder":"on","_et_pb_old_content":"<strong>TERAPIA DE PAREJA<\/strong>\r\n\r\nEn la terapia de pareja se trabaja para mejorar y eliminar la conflictividad, asegur\u00e1ndonos que ambos miembros de la pareja generen cambios positivos hacia el otro y hacia s\u00ed mismos.\r\n\r\nDialogar, construir, reformular, avanzar, mantener o romper una relaci\u00f3n de pareja, son situaciones complejas que en muchas ocasiones requieren el acompa\u00f1amiento, asesoramiento, an\u00e1lisis e intervenci\u00f3n de un profesional que entre otros aspectos nos ayudar\u00e1 a reducir el malestar, la incomprensi\u00f3n o la dependencia generada a lo largo de la relaci\u00f3n.","_et_gb_content_width":"","footnotes":""},"class_list":["post-68","page","type-page","status-publish","hentry"],"yoast_head":"<!-- This site is optimized with the Yoast SEO Premium plugin v19.2.1 (Yoast SEO v27.5) - https:\/\/yoast.com\/product\/yoast-seo-premium-wordpress\/ -->\n<title>Terapias de pareja en Colmenar Viejo :: Avanza Gabinete de Psicolog\u00eda<\/title>\n<meta name=\"description\" content=\"En las Terapias de Pareja de Avanza Gabinete de Psicolog\u00eda se trabaja para mejorar y eliminar la conflictividad y generar cambios positivos.\" \/>\n<meta name=\"robots\" content=\"index, follow, max-snippet:-1, max-image-preview:large, max-video-preview:-1\" \/>\n<link rel=\"canonical\" href=\"https:\/\/www.psicologiacolmenar.es\/psicologo\/terapias\/terapias-de-pareja\/\" \/>\n<meta property=\"og:locale\" content=\"es_ES\" \/>\n<meta property=\"og:type\" content=\"article\" \/>\n<meta property=\"og:title\" content=\"Psicologo para terapia de pareja en Colmenar viejo terapias de parejas en centro psicologia gabinete psicologos\" \/>\n<meta property=\"og:url\" content=\"https:\/\/www.psicologiacolmenar.es\/psicologo\/terapias\/terapias-de-pareja\/\" \/>\n<meta property=\"og:site_name\" content=\"Psicologos en Colmenar Viejo Madrid\" \/>\n<meta property=\"article:publisher\" content=\"https:\/\/www.facebook.com\/psicologocolmenar\/\" \/>\n<meta property=\"article:modified_time\" content=\"2021-02-26T12:54:46+00:00\" \/>\n<meta name=\"twitter:card\" content=\"summary_large_image\" \/>\n<meta name=\"twitter:site\" content=\"@jmsanmartinps1\" \/>\n<meta name=\"twitter:label1\" content=\"Tiempo de lectura\" \/>\n\t<meta name=\"twitter:data1\" content=\"1 minuto\" \/>\n<script type=\"application\/ld+json\" class=\"yoast-schema-graph\">{\"@context\":\"https:\\\/\\\/schema.org\",\"@graph\":[{\"@type\":\"WebPage\",\"@id\":\"https:\\\/\\\/www.psicologiacolmenar.es\\\/psicologo\\\/terapias\\\/terapias-de-pareja\\\/\",\"url\":\"https:\\\/\\\/www.psicologiacolmenar.es\\\/psicologo\\\/terapias\\\/terapias-de-pareja\\\/\",\"name\":\"Terapias de pareja en Colmenar Viejo :: Avanza Gabinete de Psicolog\u00eda\",\"isPartOf\":{\"@id\":\"https:\\\/\\\/www.psicologiacolmenar.es\\\/psicologo\\\/#website\"},\"datePublished\":\"2017-07-24T10:06:33+00:00\",\"dateModified\":\"2021-02-26T12:54:46+00:00\",\"description\":\"En las Terapias de Pareja de Avanza Gabinete de Psicolog\u00eda se trabaja para mejorar y eliminar la conflictividad y generar cambios positivos.\",\"breadcrumb\":{\"@id\":\"https:\\\/\\\/www.psicologiacolmenar.es\\\/psicologo\\\/terapias\\\/terapias-de-pareja\\\/#breadcrumb\"},\"inLanguage\":\"es\",\"potentialAction\":[{\"@type\":\"ReadAction\",\"target\":[\"https:\\\/\\\/www.psicologiacolmenar.es\\\/psicologo\\\/terapias\\\/terapias-de-pareja\\\/\"]}]},{\"@type\":\"BreadcrumbList\",\"@id\":\"https:\\\/\\\/www.psicologiacolmenar.es\\\/psicologo\\\/terapias\\\/terapias-de-pareja\\\/#breadcrumb\",\"itemListElement\":[{\"@type\":\"ListItem\",\"position\":1,\"name\":\"Portada\",\"item\":\"https:\\\/\\\/www.psicologiacolmenar.es\\\/psicologo\\\/\"},{\"@type\":\"ListItem\",\"position\":2,\"name\":\"Terapias\",\"item\":\"https:\\\/\\\/www.psicologiacolmenar.es\\\/psicologo\\\/terapias\\\/\"},{\"@type\":\"ListItem\",\"position\":3,\"name\":\"Psicologo para terapia de pareja en Colmenar viejo terapias de parejas en centro psicologia gabinete psicologos\"}]},{\"@type\":\"WebSite\",\"@id\":\"https:\\\/\\\/www.psicologiacolmenar.es\\\/psicologo\\\/#website\",\"url\":\"https:\\\/\\\/www.psicologiacolmenar.es\\\/psicologo\\\/\",\"name\":\"Psicologos en Colmenar Viejo Madrid\",\"description\":\"Gabinete de psicologos y Centro de psicolog\u00eda en Colmenar Viejo\",\"potentialAction\":[{\"@type\":\"SearchAction\",\"target\":{\"@type\":\"EntryPoint\",\"urlTemplate\":\"https:\\\/\\\/www.psicologiacolmenar.es\\\/psicologo\\\/?s={search_term_string}\"},\"query-input\":{\"@type\":\"PropertyValueSpecification\",\"valueRequired\":true,\"valueName\":\"search_term_string\"}}],\"inLanguage\":\"es\"}]}<\/script>\n<!-- \/ Yoast SEO Premium plugin. -->","yoast_head_json":{"title":"Terapias de pareja en Colmenar Viejo :: Avanza Gabinete de Psicolog\u00eda","description":"En las Terapias de Pareja de Avanza Gabinete de Psicolog\u00eda se trabaja para mejorar y eliminar la conflictividad y generar cambios positivos.","robots":{"index":"index","follow":"follow","max-snippet":"max-snippet:-1","max-image-preview":"max-image-preview:large","max-video-preview":"max-video-preview:-1"},"canonical":"https:\/\/www.psicologiacolmenar.es\/psicologo\/terapias\/terapias-de-pareja\/","og_locale":"es_ES","og_type":"article","og_title":"Psicologo para terapia de pareja en Colmenar viejo terapias de parejas en centro psicologia gabinete psicologos","og_url":"https:\/\/www.psicologiacolmenar.es\/psicologo\/terapias\/terapias-de-pareja\/","og_site_name":"Psicologos en Colmenar Viejo Madrid","article_publisher":"https:\/\/www.facebook.com\/psicologocolmenar\/","article_modified_time":"2021-02-26T12:54:46+00:00","twitter_card":"summary_large_image","twitter_site":"@jmsanmartinps1","twitter_misc":{"Tiempo de lectura":"1 minuto"},"schema":{"@context":"https:\/\/schema.org","@graph":[{"@type":"WebPage","@id":"https:\/\/www.psicologiacolmenar.es\/psicologo\/terapias\/terapias-de-pareja\/","url":"https:\/\/www.psicologiacolmenar.es\/psicologo\/terapias\/terapias-de-pareja\/","name":"Terapias de pareja en Colmenar Viejo :: Avanza Gabinete de Psicolog\u00eda","isPartOf":{"@id":"https:\/\/www.psicologiacolmenar.es\/psicologo\/#website"},"datePublished":"2017-07-24T10:06:33+00:00","dateModified":"2021-02-26T12:54:46+00:00","description":"En las Terapias de Pareja de Avanza Gabinete de Psicolog\u00eda se trabaja para mejorar y eliminar la conflictividad y generar cambios positivos.","breadcrumb":{"@id":"https:\/\/www.psicologiacolmenar.es\/psicologo\/terapias\/terapias-de-pareja\/#breadcrumb"},"inLanguage":"es","potentialAction":[{"@type":"ReadAction","target":["https:\/\/www.psicologiacolmenar.es\/psicologo\/terapias\/terapias-de-pareja\/"]}]},{"@type":"BreadcrumbList","@id":"https:\/\/www.psicologiacolmenar.es\/psicologo\/terapias\/terapias-de-pareja\/#breadcrumb","itemListElement":[{"@type":"ListItem","position":1,"name":"Portada","item":"https:\/\/www.psicologiacolmenar.es\/psicologo\/"},{"@type":"ListItem","position":2,"name":"Terapias","item":"https:\/\/www.psicologiacolmenar.es\/psicologo\/terapias\/"},{"@type":"ListItem","position":3,"name":"Psicologo para terapia de pareja en Colmenar viejo terapias de parejas en centro psicologia gabinete psicologos"}]},{"@type":"WebSite","@id":"https:\/\/www.psicologiacolmenar.es\/psicologo\/#website","url":"https:\/\/www.psicologiacolmenar.es\/psicologo\/","name":"Psicologos en Colmenar Viejo Madrid","description":"Gabinete de psicologos y Centro de psicolog\u00eda en Colmenar Viejo","potentialAction":[{"@type":"SearchAction","target":{"@type":"EntryPoint","urlTemplate":"https:\/\/www.psicologiacolmenar.es\/psicologo\/?s={search_term_string}"},"query-input":{"@type":"PropertyValueSpecification","valueRequired":true,"valueName":"search_term_string"}}],"inLanguage":"es"}]}},"_links":{"self":[{"href":"https:\/\/www.psicologiacolmenar.es\/psicologo\/wp-json\/wp\/v2\/pages\/68","targetHints":{"allow":["GET"]}}],"collection":[{"href":"https:\/\/www.psicologiacolmenar.es\/psicologo\/wp-json\/wp\/v2\/pages"}],"about":[{"href":"https:\/\/www.psicologiacolmenar.es\/psicologo\/wp-json\/wp\/v2\/types\/page"}],"author":[{"embeddable":true,"href":"https:\/\/www.psicologiacolmenar.es\/psicologo\/wp-json\/wp\/v2\/users\/2"}],"replies":[{"embeddable":true,"href":"https:\/\/www.psicologiacolmenar.es\/psicologo\/wp-json\/wp\/v2\/comments?post=68"}],"version-history":[{"count":5,"href":"https:\/\/www.psicologiacolmenar.es\/psicologo\/wp-json\/wp\/v2\/pages\/68\/revisions"}],"predecessor-version":[{"id":1284,"href":"https:\/\/www.psicologiacolmenar.es\/psicologo\/wp-json\/wp\/v2\/pages\/68\/revisions\/1284"}],"up":[{"embeddable":true,"href":"https:\/\/www.psicologiacolmenar.es\/psicologo\/wp-json\/wp\/v2\/pages\/59"}],"wp:attachment":[{"href":"https:\/\/www.psicologiacolmenar.es\/psicologo\/wp-json\/wp\/v2\/media?parent=68"}],"curies":[{"name":"wp","href":"https:\/\/api.w.org\/{rel}","templated":true}]}}