{"id":72,"date":"2017-07-24T10:09:00","date_gmt":"2017-07-24T10:09:00","guid":{"rendered":"http:\/\/psicologiacolmenar.es\/psicologo\/?page_id=72"},"modified":"2019-01-15T17:19:01","modified_gmt":"2019-01-15T17:19:01","slug":"residencias-de-mayores","status":"publish","type":"page","link":"https:\/\/www.psicologiacolmenar.es\/psicologo\/residencias-de-mayores\/","title":{"rendered":"Servicios de psicologos a residencias de tercera edad psicologo a domicilio para residencias de mayores externalizacion de psicologos"},"content":{"rendered":"<p>[et_pb_section fb_built=\u00bb1&#8243; fullwidth=\u00bbon\u00bb _builder_version=\u00bb3.0.47&#8243;][et_pb_fullwidth_header title=\u00bbRESIDENCIAS DE MAYORES\u00bb background_overlay_color=\u00bbrgba(37,91,125,0.2)\u00bb _builder_version=\u00bb3.2.1&#8243; background_color=\u00bbrgba(255, 255, 255, 0)\u00bb background_image=\u00bbhttps:\/\/psicologiacolmenar.es\/psicologo\/wp-content\/uploads\/2017\/07\/personas-mayores-psicologia-madrid.jpg\u00bb][\/et_pb_fullwidth_header][\/et_pb_section][et_pb_section fb_built=\u00bb1&#8243; _builder_version=\u00bb3.0.47&#8243;][et_pb_row _builder_version=\u00bb3.0.47&#8243; background_size=\u00bbinitial\u00bb background_position=\u00bbtop_left\u00bb background_repeat=\u00bbrepeat\u00bb][et_pb_column type=\u00bb1_3&#8243; _builder_version=\u00bb3.0.47&#8243; parallax=\u00bboff\u00bb parallax_method=\u00bbon\u00bb][et_pb_image src=\u00bbhttps:\/\/psicologiacolmenar.es\/psicologo\/wp-content\/uploads\/2017\/07\/centros-de-mayores-psicologos-madrid.jpg\u00bb alt=\u00bbAvanza Gabinete de Psicolog\u00eda &#8211; Residencias de Mayores\u00bb align=\u00bbcenter\u00bb _builder_version=\u00bb3.2.1&#8243; animation_style=\u00bbslide\u00bb animation_direction=\u00bbleft\u00bb animation_duration=\u00bb500ms\u00bb animation_intensity_slide=\u00bb10%\u00bb custom_css_main_element=\u00bb-webkit-clip-path: polygon(100% 0, 100% 94%, 15% 100%, 0 94%, 0 0);||clip-path: polygon(100% 0, 100% 94%, 15% 100%, 0 94%, 0 0);\u00bb border_style=\u00bbsolid\u00bb sticky=\u00bboff\u00bb][\/et_pb_image][\/et_pb_column][et_pb_column type=\u00bb2_3&#8243; _builder_version=\u00bb3.0.47&#8243; parallax=\u00bboff\u00bb parallax_method=\u00bbon\u00bb][et_pb_text _builder_version=\u00bb3.2.1&#8243; border_style=\u00bbsolid\u00bb]<\/p>\n<h2 style=\"text-align: justify;\">Psicolog\u00eda y Atenci\u00f3n para Mayores<\/h2>\n<p style=\"text-align: justify;\">Tenemos amplia experiencia y formaci\u00f3n en adultos mayores.<\/p>\n<p style=\"text-align: justify;\">Ofrecemos servicios de psicolog\u00eda en residencias de la tercera edad.<\/p>\n<p style=\"text-align: justify;\">Facturando en funci\u00f3n de los servicios prestados, por horas semanales.<\/p>\n<p style=\"text-align: justify;\">De esta manera podr\u00edan ofrecer a sus residentes y familiares un servicio psicol\u00f3gico especializado sin la necesidad de contratar a un profesional propiamente para esta labor.<\/p>\n<h2 style=\"text-align: justify;\">Servicios en Residencias de Mayores<\/h2>\n<p style=\"text-align: justify;\">Los servicios ofertados ser\u00edan:<\/p>\n<ul>\n<li style=\"text-align: justify;\">Valoraci\u00f3n psicol\u00f3gica de los residentes<\/li>\n<li style=\"text-align: justify;\">Asistencia y atenci\u00f3n a familiares<\/li>\n<li style=\"text-align: justify;\">Elaboraci\u00f3n de informes para derivaci\u00f3n a otros profesionales (neur\u00f3logos, geriatras, etc.)<\/li>\n<li style=\"text-align: justify;\">Preparaci\u00f3n y seguimiento de terapias de estimulaci\u00f3n cognitiva y otras terapias no farmacol\u00f3gicas<\/li>\n<li style=\"text-align: justify;\">Talleres de salud y de inteligencia emocional para mayores<\/li>\n<li style=\"text-align: justify;\">Impartici\u00f3n de charlas al personal sobre pautas de actuaci\u00f3n con los residentes, etc.<\/li>\n<\/ul>\n<h2 id=\"h23sjqy0rrhm1cbbhuf25zr98rt0j2z\">Terapia para personas de la Tercera Edad<\/h2>\n<p>Adem\u00e1s de en Residencias de Mayores, puedes consultar m\u00e1s informaci\u00f3n sobre nuestras<a href=\"#h23sjqy0rrhm1cbbhuf25zr98rt0j2z\"> terapias de psicolog\u00eda para la tercera edad.<\/a><\/p>\n<p>[\/et_pb_text][\/et_pb_column][\/et_pb_row][\/et_pb_section]<\/p>\n","protected":false},"excerpt":{"rendered":"<p>Psicolog\u00eda y Atenci\u00f3n para Mayores Tenemos amplia experiencia y formaci\u00f3n en adultos mayores. Ofrecemos servicios de psicolog\u00eda en residencias de la tercera edad. Facturando en funci\u00f3n de los servicios prestados, por horas semanales. De esta manera podr\u00edan ofrecer a sus residentes y familiares un servicio psicol\u00f3gico especializado sin la necesidad de contratar a un profesional [&hellip;]<\/p>\n","protected":false},"author":2,"featured_media":0,"parent":0,"menu_order":0,"comment_status":"closed","ping_status":"closed","template":"","meta":{"_et_pb_use_builder":"on","_et_pb_old_content":"<strong><u>PESTA\u00d1A SERVICIOS PSICOL\u00d3GICOS RESIDENCIAS TERCERA EDAD<\/u><\/strong>\r\n\r\nTenemos amplia experiencia y formaci\u00f3n en adultos mayores.\r\n\r\nOfrecemos servicios de psicolog\u00eda en residencias de la tercera edad.\r\n\r\nFacturando en funci\u00f3n de los servicios prestados, por horas semanales.\r\n\r\nDe esta manera podr\u00edan ofrecer a sus residentes y familiares un servicio psicol\u00f3gico especializado sin la necesidad de contratar a un profesional propiamente para esta labor.\r\n\r\nLos servicios ofertados ser\u00edan:\r\n<ul>\r\n \t<li>Valoraci\u00f3n psicol\u00f3gica de los residentes<\/li>\r\n \t<li>Asistencia y atenci\u00f3n a familiares<\/li>\r\n \t<li>Elaboraci\u00f3n de informes para derivaci\u00f3n a otros profesionales (neur\u00f3logos, geriatras, etc.)<\/li>\r\n \t<li>Preparaci\u00f3n y seguimiento de terapias de estimulaci\u00f3n cognitiva y otras terapias no farmacol\u00f3gicas<\/li>\r\n \t<li>Talleres de salud y de inteligencia emocional para mayores<\/li>\r\n \t<li>Impartici\u00f3n de charlas al personal sobre pautas de actuaci\u00f3n con los residentes, etc.<\/li>\r\n<\/ul>","_et_gb_content_width":"","footnotes":""},"class_list":["post-72","page","type-page","status-publish","hentry"],"yoast_head":"<!-- This site is optimized with the Yoast SEO Premium plugin v19.2.1 (Yoast SEO v27.5) - https:\/\/yoast.com\/product\/yoast-seo-premium-wordpress\/ -->\n<title>Avanza Gabinete de Psicolog\u00eda - Residencias de Mayores<\/title>\n<meta name=\"description\" content=\"En Avanza, Gabinete de Psicolog\u00eda en Colmenar Viejo ofrecemos servicios de ayuda a personas de la tercera edad en Residencias de Mayores.\" \/>\n<meta name=\"robots\" content=\"index, follow, max-snippet:-1, max-image-preview:large, max-video-preview:-1\" \/>\n<link rel=\"canonical\" href=\"https:\/\/www.psicologiacolmenar.es\/psicologo\/residencias-de-mayores\/\" \/>\n<meta property=\"og:locale\" content=\"es_ES\" \/>\n<meta property=\"og:type\" content=\"article\" \/>\n<meta property=\"og:title\" content=\"Servicios de psicologos a residencias de tercera edad psicologo a domicilio para residencias de mayores externalizacion de psicologos\" \/>\n<meta property=\"og:url\" content=\"https:\/\/www.psicologiacolmenar.es\/psicologo\/residencias-de-mayores\/\" \/>\n<meta property=\"og:site_name\" content=\"Psicologos en Colmenar Viejo Madrid\" \/>\n<meta property=\"article:publisher\" content=\"https:\/\/www.facebook.com\/psicologocolmenar\/\" \/>\n<meta property=\"article:modified_time\" content=\"2019-01-15T17:19:01+00:00\" \/>\n<meta name=\"twitter:card\" content=\"summary_large_image\" \/>\n<meta name=\"twitter:site\" content=\"@jmsanmartinps1\" \/>\n<meta name=\"twitter:label1\" content=\"Tiempo de lectura\" \/>\n\t<meta name=\"twitter:data1\" content=\"2 minutos\" \/>\n<script type=\"application\/ld+json\" class=\"yoast-schema-graph\">{\"@context\":\"https:\\\/\\\/schema.org\",\"@graph\":[{\"@type\":\"WebPage\",\"@id\":\"https:\\\/\\\/www.psicologiacolmenar.es\\\/psicologo\\\/residencias-de-mayores\\\/\",\"url\":\"https:\\\/\\\/www.psicologiacolmenar.es\\\/psicologo\\\/residencias-de-mayores\\\/\",\"name\":\"Avanza Gabinete de Psicolog\u00eda - Residencias de Mayores\",\"isPartOf\":{\"@id\":\"https:\\\/\\\/www.psicologiacolmenar.es\\\/psicologo\\\/#website\"},\"datePublished\":\"2017-07-24T10:09:00+00:00\",\"dateModified\":\"2019-01-15T17:19:01+00:00\",\"description\":\"En Avanza, Gabinete de Psicolog\u00eda en Colmenar Viejo ofrecemos servicios de ayuda a personas de la tercera edad en Residencias de Mayores.\",\"breadcrumb\":{\"@id\":\"https:\\\/\\\/www.psicologiacolmenar.es\\\/psicologo\\\/residencias-de-mayores\\\/#breadcrumb\"},\"inLanguage\":\"es\",\"potentialAction\":[{\"@type\":\"ReadAction\",\"target\":[\"https:\\\/\\\/www.psicologiacolmenar.es\\\/psicologo\\\/residencias-de-mayores\\\/\"]}]},{\"@type\":\"BreadcrumbList\",\"@id\":\"https:\\\/\\\/www.psicologiacolmenar.es\\\/psicologo\\\/residencias-de-mayores\\\/#breadcrumb\",\"itemListElement\":[{\"@type\":\"ListItem\",\"position\":1,\"name\":\"Portada\",\"item\":\"https:\\\/\\\/www.psicologiacolmenar.es\\\/psicologo\\\/\"},{\"@type\":\"ListItem\",\"position\":2,\"name\":\"Servicios de psicologos a residencias de tercera edad psicologo a domicilio para residencias de mayores externalizacion de psicologos\"}]},{\"@type\":\"WebSite\",\"@id\":\"https:\\\/\\\/www.psicologiacolmenar.es\\\/psicologo\\\/#website\",\"url\":\"https:\\\/\\\/www.psicologiacolmenar.es\\\/psicologo\\\/\",\"name\":\"Psicologos en Colmenar Viejo Madrid\",\"description\":\"Gabinete de psicologos y Centro de psicolog\u00eda en Colmenar Viejo\",\"potentialAction\":[{\"@type\":\"SearchAction\",\"target\":{\"@type\":\"EntryPoint\",\"urlTemplate\":\"https:\\\/\\\/www.psicologiacolmenar.es\\\/psicologo\\\/?s={search_term_string}\"},\"query-input\":{\"@type\":\"PropertyValueSpecification\",\"valueRequired\":true,\"valueName\":\"search_term_string\"}}],\"inLanguage\":\"es\"}]}<\/script>\n<!-- \/ Yoast SEO Premium plugin. -->","yoast_head_json":{"title":"Avanza Gabinete de Psicolog\u00eda - Residencias de Mayores","description":"En Avanza, Gabinete de Psicolog\u00eda en Colmenar Viejo ofrecemos servicios de ayuda a personas de la tercera edad en Residencias de Mayores.","robots":{"index":"index","follow":"follow","max-snippet":"max-snippet:-1","max-image-preview":"max-image-preview:large","max-video-preview":"max-video-preview:-1"},"canonical":"https:\/\/www.psicologiacolmenar.es\/psicologo\/residencias-de-mayores\/","og_locale":"es_ES","og_type":"article","og_title":"Servicios de psicologos a residencias de tercera edad psicologo a domicilio para residencias de mayores externalizacion de psicologos","og_url":"https:\/\/www.psicologiacolmenar.es\/psicologo\/residencias-de-mayores\/","og_site_name":"Psicologos en Colmenar Viejo Madrid","article_publisher":"https:\/\/www.facebook.com\/psicologocolmenar\/","article_modified_time":"2019-01-15T17:19:01+00:00","twitter_card":"summary_large_image","twitter_site":"@jmsanmartinps1","twitter_misc":{"Tiempo de lectura":"2 minutos"},"schema":{"@context":"https:\/\/schema.org","@graph":[{"@type":"WebPage","@id":"https:\/\/www.psicologiacolmenar.es\/psicologo\/residencias-de-mayores\/","url":"https:\/\/www.psicologiacolmenar.es\/psicologo\/residencias-de-mayores\/","name":"Avanza Gabinete de Psicolog\u00eda - Residencias de Mayores","isPartOf":{"@id":"https:\/\/www.psicologiacolmenar.es\/psicologo\/#website"},"datePublished":"2017-07-24T10:09:00+00:00","dateModified":"2019-01-15T17:19:01+00:00","description":"En Avanza, Gabinete de Psicolog\u00eda en Colmenar Viejo ofrecemos servicios de ayuda a personas de la tercera edad en Residencias de Mayores.","breadcrumb":{"@id":"https:\/\/www.psicologiacolmenar.es\/psicologo\/residencias-de-mayores\/#breadcrumb"},"inLanguage":"es","potentialAction":[{"@type":"ReadAction","target":["https:\/\/www.psicologiacolmenar.es\/psicologo\/residencias-de-mayores\/"]}]},{"@type":"BreadcrumbList","@id":"https:\/\/www.psicologiacolmenar.es\/psicologo\/residencias-de-mayores\/#breadcrumb","itemListElement":[{"@type":"ListItem","position":1,"name":"Portada","item":"https:\/\/www.psicologiacolmenar.es\/psicologo\/"},{"@type":"ListItem","position":2,"name":"Servicios de psicologos a residencias de tercera edad psicologo a domicilio para residencias de mayores externalizacion de psicologos"}]},{"@type":"WebSite","@id":"https:\/\/www.psicologiacolmenar.es\/psicologo\/#website","url":"https:\/\/www.psicologiacolmenar.es\/psicologo\/","name":"Psicologos en Colmenar Viejo Madrid","description":"Gabinete de psicologos y Centro de psicolog\u00eda en Colmenar Viejo","potentialAction":[{"@type":"SearchAction","target":{"@type":"EntryPoint","urlTemplate":"https:\/\/www.psicologiacolmenar.es\/psicologo\/?s={search_term_string}"},"query-input":{"@type":"PropertyValueSpecification","valueRequired":true,"valueName":"search_term_string"}}],"inLanguage":"es"}]}},"_links":{"self":[{"href":"https:\/\/www.psicologiacolmenar.es\/psicologo\/wp-json\/wp\/v2\/pages\/72","targetHints":{"allow":["GET"]}}],"collection":[{"href":"https:\/\/www.psicologiacolmenar.es\/psicologo\/wp-json\/wp\/v2\/pages"}],"about":[{"href":"https:\/\/www.psicologiacolmenar.es\/psicologo\/wp-json\/wp\/v2\/types\/page"}],"author":[{"embeddable":true,"href":"https:\/\/www.psicologiacolmenar.es\/psicologo\/wp-json\/wp\/v2\/users\/2"}],"replies":[{"embeddable":true,"href":"https:\/\/www.psicologiacolmenar.es\/psicologo\/wp-json\/wp\/v2\/comments?post=72"}],"version-history":[{"count":5,"href":"https:\/\/www.psicologiacolmenar.es\/psicologo\/wp-json\/wp\/v2\/pages\/72\/revisions"}],"predecessor-version":[{"id":1108,"href":"https:\/\/www.psicologiacolmenar.es\/psicologo\/wp-json\/wp\/v2\/pages\/72\/revisions\/1108"}],"wp:attachment":[{"href":"https:\/\/www.psicologiacolmenar.es\/psicologo\/wp-json\/wp\/v2\/media?parent=72"}],"curies":[{"name":"wp","href":"https:\/\/api.w.org\/{rel}","templated":true}]}}